{"id":1075,"date":"2017-05-09T09:39:59","date_gmt":"2017-05-09T09:39:59","guid":{"rendered":"http:\/\/bioenergie-kleinseelheim.de\/?page_id=1075"},"modified":"2017-05-09T09:44:58","modified_gmt":"2017-05-09T09:44:58","slug":"eam","status":"publish","type":"page","link":"https:\/\/bioenergie-kleinseelheim.de\/index.php\/eam\/","title":{"rendered":"EAM"},"content":{"rendered":"<p><a href=\"http:\/\/bioenergie-kleinseelheim.de\/wp-content\/uploads\/2016\/02\/eam_logo_glow.png\"><img loading=\"lazy\" decoding=\"async\" class=\"size-full wp-image-619 alignright\" src=\"http:\/\/bioenergie-kleinseelheim.de\/wp-content\/uploads\/2016\/02\/eam_logo_glow.png\" alt=\"eam_logo_glow\" width=\"195\" height=\"196\" srcset=\"https:\/\/bioenergie-kleinseelheim.de\/wp-content\/uploads\/2016\/02\/eam_logo_glow.png 195w, https:\/\/bioenergie-kleinseelheim.de\/wp-content\/uploads\/2016\/02\/eam_logo_glow-150x150.png 150w\" sizes=\"auto, (max-width: 195px) 100vw, 195px\" \/><\/a>Zur Realisierung unseres Projekts arbeitet die Genossenschaft mit der <a href=\"https:\/\/www.eam.de\/unternehmen\/unternehmensportraet\/energie-aus-der-mitte\/\">EAM<\/a> zusammen<\/p>\n<ol>\n<li>\u00dcber einen Projektunterst\u00fctzungsvertrag wird die EAM von der Genossenschaft als Bauherrin mit der <strong>Planung, Vorbereitung, Bauvergabe und Bau\u00fcberwachung des Nahw\u00e4rmenetzes<\/strong> in enger Absprache und Zusammenarbeit mit der Genossenschaft beauftragt.\n<div id=\"cc-m-10635614625\" class=\"n j-text \"><\/div>\n<div id=\"cc-m-10635614625\" class=\"n j-text \">\n<p><b>Eckpunkte eines Projektunterst\u00fctzungsvertrages zum Bau des Nahw\u00e4rmenetzes<\/b><\/p>\n<ul>\n<li>Grundlagenermittlung<\/li>\n<li>Vorplanung (Projekt-Planungsvorbereitungen)<\/li>\n<li>Entwurfsplanung<\/li>\n<li>Genehmigungsplanung<\/li>\n<li>Ausf\u00fchrungsplanung<\/li>\n<li>Vorbereitung der Vergabe<\/li>\n<li>Mitwirkung bei der Vergabe<\/li>\n<li>Bau\u00fcberwachung<\/li>\n<li>Dokumentation<\/li>\n<li>Koordination<\/li>\n<\/ul>\n<p>2. <strong>Die EAM betreibt die Heizzentrale<\/strong> und verpflichtet sich mit einem W\u00e4rmeliefertrag zur zuverl\u00e4ssigen Lieferung von Heizw\u00e4rme an die Genossenschaft.<\/p>\n<p>Die Genossenschaft hat keinerlei Verpflichtungen in Bezug auf diese Anlage. Die EAM tr\u00e4gt das wirtschaftliche Risiko, sorgt f\u00fcr Wartung, Betrieb, Reparaturen und Ersatzinvestitionen.<\/p>\n<p>Die Genossenschaft und die EAM schlie\u00dfen einen Vertrag \u00fcber 20 Jahre Laufzeit, in dem die Lieferverpflichtungen der EAM ebenso geregelt sind wie die Preisgestaltung. Die Preisentwicklung ist so transparent und f\u00fcr einen langen Zeitraum zu \u00fcbersehen.<\/p>\n<p>Die Preise sind nicht an \u00d6l- oder Gaspreise gekoppelt sonden richten sich nach einer zwischen Energiegenossenschaft und EAM vertraglich vereinbarten Preisformel.<\/p>\n<p>Der W\u00e4rmepreis von 12,3 ct. \/ kWh, den die W\u00e4rmeabnehmer an die Energiegenossenschaft zahlen, enth\u00e4lt einen Anteil von 7,9 ct f\u00fcr die EAM W\u00e4rmelieferung.<\/p>\n<h3><\/h3>\n<\/div>\n<div id=\"cc-m-10635722025\" class=\"n j-header \"><\/div>\n<div id=\"cc-m-10635743225\" class=\"n j-spacing \"><\/div>\n<p>&nbsp;<\/li>\n<\/ol>\n","protected":false},"excerpt":{"rendered":"<p>Zur Realisierung unseres Projekts arbeitet die Genossenschaft mit der EAM zusammen \u00dcber einen Projektunterst\u00fctzungsvertrag wird die EAM von der Genossenschaft als Bauherrin mit der Planung, Vorbereitung, Bauvergabe und Bau\u00fcberwachung des Nahw\u00e4rmenetzes in enger Absprache und Zusammenarbeit mit der Genossenschaft beauftragt. Eckpunkte eines Projektunterst\u00fctzungsvertrages zum Bau des Nahw\u00e4rmenetzes Grundlagenermittlung Vorplanung (Projekt-Planungsvorbereitungen) Entwurfsplanung Genehmigungsplanung Ausf\u00fchrungsplanung Vorbereitung der [&hellip;]<\/p>\n","protected":false},"author":3,"featured_media":0,"parent":0,"menu_order":0,"comment_status":"closed","ping_status":"closed","template":"","meta":{"footnotes":""},"class_list":["post-1075","page","type-page","status-publish","hentry"],"_links":{"self":[{"href":"https:\/\/bioenergie-kleinseelheim.de\/index.php\/wp-json\/wp\/v2\/pages\/1075","targetHints":{"allow":["GET"]}}],"collection":[{"href":"https:\/\/bioenergie-kleinseelheim.de\/index.php\/wp-json\/wp\/v2\/pages"}],"about":[{"href":"https:\/\/bioenergie-kleinseelheim.de\/index.php\/wp-json\/wp\/v2\/types\/page"}],"author":[{"embeddable":true,"href":"https:\/\/bioenergie-kleinseelheim.de\/index.php\/wp-json\/wp\/v2\/users\/3"}],"replies":[{"embeddable":true,"href":"https:\/\/bioenergie-kleinseelheim.de\/index.php\/wp-json\/wp\/v2\/comments?post=1075"}],"version-history":[{"count":4,"href":"https:\/\/bioenergie-kleinseelheim.de\/index.php\/wp-json\/wp\/v2\/pages\/1075\/revisions"}],"predecessor-version":[{"id":1080,"href":"https:\/\/bioenergie-kleinseelheim.de\/index.php\/wp-json\/wp\/v2\/pages\/1075\/revisions\/1080"}],"wp:attachment":[{"href":"https:\/\/bioenergie-kleinseelheim.de\/index.php\/wp-json\/wp\/v2\/media?parent=1075"}],"curies":[{"name":"wp","href":"https:\/\/api.w.org\/{rel}","templated":true}]}}