{"id":1216,"date":"2017-12-02T18:38:42","date_gmt":"2017-12-02T18:38:42","guid":{"rendered":"http:\/\/bioenergie-kleinseelheim.de\/?page_id=1216"},"modified":"2017-12-03T06:21:16","modified_gmt":"2017-12-03T06:21:16","slug":"burgerinformation-am-28-11-2017","status":"publish","type":"page","link":"https:\/\/bioenergie-kleinseelheim.de\/index.php\/burgerinformation-am-28-11-2017\/","title":{"rendered":"B\u00fcrgerinformation am 28.11.2017"},"content":{"rendered":"<p>Der Start unseres Nahw\u00e4rmeprojekts war alles andere als einfach und reibungslos. Bauverz\u00f6gerungen beeintr\u00e4chtigten die Verkehrssituation in Kleinseelheim mehr als erwartet und f\u00fchrten zu Unmut und Unverst\u00e4ndnis einiger Mitb\u00fcrger. Vorl\u00e4ufiger H\u00f6hepunkt waren die f\u00fcr die Energiegenossen sehr spannenenden und anstrengenden Sitzungen des Bauauschusses und des Stadtparlaments am 27. November. Letzlich wurde jedoch unser Antrag zu einer baulichen Sonderl\u00f6sung in den ersten 75 Metern der Leitung im Sandweg angenommen.<\/p>\n<p>Am 28. November fand dann die schon l\u00e4nger geplante gemeinsame Informationsveranstaltung von Genossenschaft und EAM statt, zu der u.a. auch der B\u00fcrgermeister und Vertreter von Bau- und Ordnungsamt anwesend waren. Dort wurde \u00fcber die Hintergr\u00fcnde der Situation informiert und Gelegenheit gegeben, alle strittigen Fragen zu besprechen.<\/p>\n<p style=\"text-align: center;\"><a href=\"http:\/\/bioenergie-kleinseelheim.de\/wp-content\/uploads\/2017\/12\/einleitungsfolie.jpg\"><img loading=\"lazy\" decoding=\"async\" class=\"aligncenter wp-image-1217 size-full\" src=\"http:\/\/bioenergie-kleinseelheim.de\/wp-content\/uploads\/2017\/12\/einleitungsfolie.jpg\" alt=\"\" width=\"782\" height=\"551\" srcset=\"https:\/\/bioenergie-kleinseelheim.de\/wp-content\/uploads\/2017\/12\/einleitungsfolie.jpg 782w, https:\/\/bioenergie-kleinseelheim.de\/wp-content\/uploads\/2017\/12\/einleitungsfolie-300x211.jpg 300w, https:\/\/bioenergie-kleinseelheim.de\/wp-content\/uploads\/2017\/12\/einleitungsfolie-768x541.jpg 768w\" sizes=\"auto, (max-width: 782px) 100vw, 782px\" \/><\/a><\/p>\n<h3 style=\"text-align: center;\"><a href=\"http:\/\/bioenergie-kleinseelheim.de\/wp-content\/uploads\/2017\/12\/Bericht-zum-28.11.2017.pdf\">Bericht zum 28.11.2017<\/a><\/h3>\n<h3 style=\"text-align: center;\"><a href=\"http:\/\/bioenergie-kleinseelheim.de\/wp-content\/uploads\/2017\/12\/171128_Pr\u00e4sentation_B\u00fcrgerinfo.pdf\">171128_Pr\u00e4sentation_B\u00fcrgerinfo<\/a><\/h3>\n","protected":false},"excerpt":{"rendered":"<p>Der Start unseres Nahw\u00e4rmeprojekts war alles andere als einfach und reibungslos. Bauverz\u00f6gerungen beeintr\u00e4chtigten die Verkehrssituation in Kleinseelheim mehr als erwartet und f\u00fchrten zu Unmut und Unverst\u00e4ndnis einiger Mitb\u00fcrger. Vorl\u00e4ufiger H\u00f6hepunkt waren die f\u00fcr die Energiegenossen sehr spannenenden und anstrengenden Sitzungen des Bauauschusses und des Stadtparlaments am 27. November. Letzlich wurde jedoch unser Antrag zu einer [&hellip;]<\/p>\n","protected":false},"author":3,"featured_media":0,"parent":0,"menu_order":0,"comment_status":"closed","ping_status":"closed","template":"","meta":{"footnotes":""},"class_list":["post-1216","page","type-page","status-publish","hentry"],"_links":{"self":[{"href":"https:\/\/bioenergie-kleinseelheim.de\/index.php\/wp-json\/wp\/v2\/pages\/1216","targetHints":{"allow":["GET"]}}],"collection":[{"href":"https:\/\/bioenergie-kleinseelheim.de\/index.php\/wp-json\/wp\/v2\/pages"}],"about":[{"href":"https:\/\/bioenergie-kleinseelheim.de\/index.php\/wp-json\/wp\/v2\/types\/page"}],"author":[{"embeddable":true,"href":"https:\/\/bioenergie-kleinseelheim.de\/index.php\/wp-json\/wp\/v2\/users\/3"}],"replies":[{"embeddable":true,"href":"https:\/\/bioenergie-kleinseelheim.de\/index.php\/wp-json\/wp\/v2\/comments?post=1216"}],"version-history":[{"count":6,"href":"https:\/\/bioenergie-kleinseelheim.de\/index.php\/wp-json\/wp\/v2\/pages\/1216\/revisions"}],"predecessor-version":[{"id":1276,"href":"https:\/\/bioenergie-kleinseelheim.de\/index.php\/wp-json\/wp\/v2\/pages\/1216\/revisions\/1276"}],"wp:attachment":[{"href":"https:\/\/bioenergie-kleinseelheim.de\/index.php\/wp-json\/wp\/v2\/media?parent=1216"}],"curies":[{"name":"wp","href":"https:\/\/api.w.org\/{rel}","templated":true}]}}