{"id":1852,"date":"2020-11-19T15:14:27","date_gmt":"2020-11-19T15:14:27","guid":{"rendered":"http:\/\/bioenergie-kleinseelheim.de\/?page_id=1852"},"modified":"2024-11-08T20:37:32","modified_gmt":"2024-11-08T20:37:32","slug":"storung","status":"publish","type":"page","link":"https:\/\/bioenergie-kleinseelheim.de\/index.php\/storung\/","title":{"rendered":"St\u00f6rung?"},"content":{"rendered":"<h3>Was tun bei St\u00f6rungen?<\/h3>\n<p class=\"western\" align=\"left\"><span style=\"font-family: Liberation Serif, serif;\"><span style=\"font-size: medium;\">Wenn es nicht warm wird, wenden Sie sich bitte an die <strong>24-Stunden Rufbereitschaft der EAM:<\/strong><\/span><\/span><\/p>\n<h4><strong>0561 933 2471<\/strong><\/h4>\n<p>Die Rufbereitschaft vermittelt auch bei technischen Problemen den Kontakt zu den zust\u00e4ndigen Mitarbeitern. Bitte nicht selbst einen Installateur beauftragen, denn sonst muss die Leistung vom Kunden bezahlt werden. Da sich d<span lang=\"de-DE\">as Nahw\u00e4rmenetz und die Haus\u00fcbergabestationen im Besitz der EAM EnergiePlus GmbH befinden, ist diese bei St\u00f6rungen zust\u00e4ndig und entscheidet \u00fcber die weitere Vorgehensweise. Nur f<\/span><span lang=\"de-DE\">\u00fcr Probleme der Sekund\u00e4rseite, also des hausinternen Heizungssystems, ist der\/die Hausbesitzer\/in zust\u00e4ndig.<\/span><\/p>\n<table style=\"height: 5px;\" border=\"0\" width=\"5\" cellspacing=\"0\">\n<colgroup width=\"130\"><\/colgroup>\n<tbody>\n<tr>\n<td align=\"left\" valign=\"bottom\" height=\"28\"><\/td>\n<\/tr>\n<\/tbody>\n<\/table>\n<h4 style=\"text-align: center;\"><strong>\u00a0<\/strong><\/h4>\n<p class=\"western\" align=\"left\">\n<p class=\"western\" align=\"left\"><span style=\"color: #000000;\"><span style=\"font-family: Liberation Serif, serif;\"><span style=\"font-size: medium;\"><span lang=\"de-DE\">\u00a0<\/span><\/span><\/span><\/span><\/p>\n","protected":false},"excerpt":{"rendered":"<p>Was tun bei St\u00f6rungen? Wenn es nicht warm wird, wenden Sie sich bitte an die 24-Stunden Rufbereitschaft der EAM: 0561 933 2471 Die Rufbereitschaft vermittelt auch bei technischen Problemen den Kontakt zu den zust\u00e4ndigen Mitarbeitern. Bitte nicht selbst einen Installateur beauftragen, denn sonst muss die Leistung vom Kunden bezahlt werden. Da sich das Nahw\u00e4rmenetz und [&hellip;]<\/p>\n","protected":false},"author":3,"featured_media":1836,"parent":0,"menu_order":0,"comment_status":"closed","ping_status":"closed","template":"","meta":{"footnotes":""},"class_list":["post-1852","page","type-page","status-publish","has-post-thumbnail","hentry"],"_links":{"self":[{"href":"https:\/\/bioenergie-kleinseelheim.de\/index.php\/wp-json\/wp\/v2\/pages\/1852","targetHints":{"allow":["GET"]}}],"collection":[{"href":"https:\/\/bioenergie-kleinseelheim.de\/index.php\/wp-json\/wp\/v2\/pages"}],"about":[{"href":"https:\/\/bioenergie-kleinseelheim.de\/index.php\/wp-json\/wp\/v2\/types\/page"}],"author":[{"embeddable":true,"href":"https:\/\/bioenergie-kleinseelheim.de\/index.php\/wp-json\/wp\/v2\/users\/3"}],"replies":[{"embeddable":true,"href":"https:\/\/bioenergie-kleinseelheim.de\/index.php\/wp-json\/wp\/v2\/comments?post=1852"}],"version-history":[{"count":9,"href":"https:\/\/bioenergie-kleinseelheim.de\/index.php\/wp-json\/wp\/v2\/pages\/1852\/revisions"}],"predecessor-version":[{"id":2019,"href":"https:\/\/bioenergie-kleinseelheim.de\/index.php\/wp-json\/wp\/v2\/pages\/1852\/revisions\/2019"}],"wp:featuredmedia":[{"embeddable":true,"href":"https:\/\/bioenergie-kleinseelheim.de\/index.php\/wp-json\/wp\/v2\/media\/1836"}],"wp:attachment":[{"href":"https:\/\/bioenergie-kleinseelheim.de\/index.php\/wp-json\/wp\/v2\/media?parent=1852"}],"curies":[{"name":"wp","href":"https:\/\/api.w.org\/{rel}","templated":true}]}}