{"id":198,"date":"2015-10-29T19:14:07","date_gmt":"2015-10-29T19:14:07","guid":{"rendered":"http:\/\/alibis.in-berlin.de:8181\/?page_id=198"},"modified":"2025-03-22T09:54:32","modified_gmt":"2025-03-22T09:54:32","slug":"aktuell","status":"publish","type":"page","link":"https:\/\/bioenergie-kleinseelheim.de\/index.php\/aktuell\/","title":{"rendered":"Bioenergiegenossenschaft"},"content":{"rendered":"<h3 align=\"left\">Februar 2025: Am 20.2.2025 erfolgte die L\u00f6schung der Genossenschaft aus dem Firmenregister des Amtsgerichts Marburg.<\/h3>\n<h3 align=\"left\">November 2024: Die Genossenschaft wird in absehbarer Zeit aus dem Firmenregister des Amtsgerichts gel\u00f6scht<\/h3>\n<p>Nachdem die Genossenschaft schon lange ihre Gesch\u00e4ftst\u00e4tigkeit aufgegeben hat, sind nur alle b\u00fcrokratischen Hindernisse auf dem Weg zur L\u00f6schung des Unternehmens beseitigt. Der Zeitpunkt h\u00e4ngt vom Amtsgericht Marburg ab.<\/p>\n<h3 align=\"left\">November 2021: Die Bioenergiegenossenschaft beendet ihre Gesch\u00e4ftst\u00e4tigkeit<\/h3>\n<p>Mit dem Verkauf ihres gesamten Besitzes stellt die Genossenschaft ihren\u00a0 Gesch\u00e4ftsbetrieb ein und wird sich in K\u00fcrze aufl\u00f6sen.<\/p>\n<p>Voraussichtlich am 9.12.2021 wird dazu um 20 Uhr im DGH eine ordentliche Generalversammlung der Genossenschaft statt finden (die Einladung wird fristgerecht erfolgen).<\/p>\n<p>Die Ziele der Genossenschaft wurden erfolgreich umgesetzt:<\/p>\n<ul>\n<li>Die EAM f\u00fchrt den Nahw\u00e4rmebetrieb weiter und wird weitere Anschl\u00fcsse bauen.<\/li>\n<li>Die Telekom versorgt fast das ganze Dorf mit Glasfaseranschl\u00fcssen im Haus.<\/li>\n<li>Mit dem Tiefbauunternehmen Erdbau Brauer wurde ein neuer Betrieb in den Ort geholt, der das Anwesen Sandweg 33 als Betriebsgel\u00e4nde und B\u00fcro nutzt, nachdem sich das Rohrbau-Unternehmen Helmar schon vor l\u00e4ngerer Zeit dort eingemietet hat.<\/li>\n<\/ul>\n<p>Die Vorstandsmitglieder stehen weiterhin den Kleinseelheimer*innen beratend zur Verf\u00fcgung (genauso wie alle Energie-Genoss*innen sicher gerne Auskunft zu ihren Erfahrungen geben).<\/p>\n<p>Wir danken allen Mitgliedern, Gesch\u00e4ftspartnern und Freunden f\u00fcr die Unterst\u00fctzung und gute Zusammenarbeit!<\/p>\n<p>Vorstand und Aufsichtsrat der Bioenergiegenossenschaft Kleinseelheim e.G.<\/p>\n<h3 align=\"left\">Oktober 2020: Verkauf und \u00dcbergabe des Nahw\u00e4rmenetzes an die EAM EnergiePlus GmbH<\/h3>\n<p>Im August 2020 beschlossen die Mitglieder der Bioenergiegenossenschaft Kleinseelheim eG den Verkauf des Nahw\u00e4rmenetzes an die EAM Energieplus GmbH. Nachdem die Heizzentrale von Anfang an im Besitz der EAM war, ist die Firma nun alleinige Betreiberin des fast allen Kleinseelheimer*innen offenstehenden <a href=\"http:\/\/bioenergie-kleinseelheim.de\/index.php\/wie\/\">Nahw\u00e4rmeangebots<\/a>. Die Genossenschaft ist noch im Besitz des Mikrorohrnetzes, das sie an die Telekom vermietet hat, und wor\u00fcber fast jedes Haus in Kleinseelheim mit <a href=\"http:\/\/bioenergie-kleinseelheim.de\/index.php\/internet\/\">Glasfaser bis ins Haus (FTTH)<\/a> versorgt werden kann. Das<a href=\"http:\/\/bioenergie-kleinseelheim.de\/index.php\/heizzentrale\/\"> Anwesen im Sandweg 33<\/a> steht zum Verkauf.<\/p>\n<p>Hintergrund des Beschlusses ist die angespannte finanzielle Lage der Genossenschaft. Nach Abschluss aller Transaktionen wird die Genossenschaft schuldenfrei sein. Mittelfristig ist geplant, die Genossenschaft in einen Verein umzuwandeln.<\/p>\n<p>Wir bedanken uns herzlich f\u00fcr das uns entgegengebrachte Vertrauen und bedanken uns bei allen Partnern f\u00fcr die konstruktive Zusammenarbeit. Wir sind traurig, dass sich unser Projekt in der urspr\u00fcnglich gedachten genossenschaftlichen Form nicht halten lie\u00df. Wir sind jedoch froh und stolz darauf, dass das Projekt verwirklicht wurde, und wir nun eine sichere, zukunfts- und ausbauf\u00e4hige W\u00e4rme- und Glasfaserversorgung im Dorf haben. Wir sind sicher, dass mit dem <a href=\"https:\/\/www.eam.de\/\" target=\"_blank\" rel=\"noopener\">Energieversorger EAM,<\/a> einem Unternehmen in kommunaler Hand, ein vertrauensw\u00fcrdiger und verl\u00e4sslicher Partner gefunden wurde.<\/p>\n<p><a href=\"http:\/\/bioenergie-kleinseelheim.de\/index.php\/vorstand\/\">Vorstand und Aufsichtsrat<\/a> der Bioenergiegenossenschaft Kleinseelheim eG<\/p>\n<p>Selbstverst\u00e4ndlich k\u00f6nnen Sie sich weiterhin bei Fragen zur Nahw\u00e4rme und Glasfaser gerne an uns wenden.<\/p>\n<p>&#8212;&#8212;&#8212;&#8212;&#8212;&#8212;&#8212;&#8212;&#8211;<\/p>\n<h3>A.O. Generalversammlung: Donnerstag, d.5.12.2019, 20 Uhr Dorfgemeinschaftshaus<\/h3>\n<p><a href=\"http:\/\/bioenergie-kleinseelheim.de\/wp-content\/uploads\/2019\/11\/191120_Einladung-a.o.-Generalversammlung.pdf\">191120_Einladung a.o. Generalversammlung<\/a><\/p>\n<p><a href=\"http:\/\/bioenergie-kleinseelheim.de\/wp-content\/uploads\/2019\/11\/191205-Vollmacht.pdf\">191205 Vollmacht<\/a><\/p>\n<p>_________________________________<\/p>\n<h3><strong><a href=\"http:\/\/bioenergie-kleinseelheim.de\/index.php\/einweihung-und-tag-der-offenen-tur\/\">Einweihungsfeier:<\/a> Freitag, d. 9. August ab 16 Uhr an der Heizzentrale im Sandweg 33<\/strong><\/h3>\n<h3>Die ordentliche Generalversammlung findet am 28. Juni um 19:30 im Dorfgemeinschaftshaus statt.<\/h3>\n<p>Die Tagesordnung wurde den Mitgliedern rechtzeitig bekannt gegeben.<\/p>\n<p>Die Mitglieder k\u00f6nnen am Sonntag, d. 23.6. um 17 Uhr im B\u00fcro an der Heizzentrale Einsicht in den Jahresabschluss 2018 nehmen.<\/p>\n<p>Zur Vorbereitung des entsprechenden Tagesordnungspunkts trifft sich die &#8220;Tarif-AG&#8221; am Freitag, d. 21. Juni um 19 Uhr im Feuerwehrhaus.<\/p>\n<h3>April 2019<\/h3>\n<p>Einladung zur au\u00dferordentlichen Generalversammlung am 5. April 2019 um 19:30 im DGH<\/p>\n<p>Liebe Mitglieder der Bioenergiegenossenschaft Kleinseelheim,<\/p>\n<p>hiermit laden wir Euch zu einer au\u00dferordentlichen Generlversammlung am 5. April 2019 um 19:30 im Dorfgemeinschaftshaus ein.<\/p>\n<p>Tagesordnung<\/p>\n<ol>\n<li>Begr\u00fc\u00dfung<\/li>\n<li>Information \u00fcber das Sanierungskonzept<\/li>\n<li>Aussprache<\/li>\n<li>Verschiedenes<\/li>\n<\/ol>\n<p>Herzliche Gr\u00fc\u00dfe<\/p>\n<p>Ulrike Simon im Namen des Vorstands und Aufsichtsrats der Bioenergiegenossenschaft Kleinseelheim<\/p>\n<h3>M\u00e4rz 2019<\/h3>\n<p><a href=\"https:\/\/www.sinnoma.com\/\" target=\"_blank\" rel=\"noopener\">Herr Dr. Sch\u00fclke<\/a> hat inzwischen, abgestimmt mit dem Vorstand und Aufsichtsrat sowie allen weiteren Beteiligten (besonders Sparkasse und EAM), das in Januar angek\u00fcndigte Sanierungskonzept erarbeitet. Wir gehen von einer zeitnahen R\u00fcckmeldung der Sparkasse aus und werden die Mitglieder dann in einer Informationsveranstaltung, zu der wir kurzfristig einladen, \u00fcber die Ergebnisse informieren. Gegebenenfalls wird danach eine a.O. Generalversammlung zur evtl. Beschlussfassung stattfinden.<\/p>\n<h3>Januar 2019:<\/h3>\n<p>Am 22. Januar haben der Vorstand und der Aufsichtsrat der Bioenergiegenossenschaft Kleinseelheim eine Informationsveranstaltung zu f\u00fcnf Themenbereichen durchgef\u00fchrt.<\/p>\n<p>Wir haben zun\u00e4chst (1.) \u00fcber den Stand der Bauarbeiten und die Anzahl der bislang an unser Nahw\u00e4rmenetz angeschlossenen Geb\u00e4ude, (2.) den Bauzeitenplan bis zur Fertigstellung mit weiteren ca. 12 Wochen Bauzeit im Fr\u00fchjahr und (3.) die Zeitplanung zur Montage des Biomasseofens mit Inbetriebnahme Anfang M\u00e4rz informiert. Anschlie\u00dfend haben wird (4.) kritische R\u00fcckschau auf den bislang nicht runden Bauablauf und die daf\u00fcr komplexen Gr\u00fcnde gehalten. Dabei haben wir auch die negativen Folgen f\u00fcr die Entwicklung der Mitgliederzahl dargelegt.<\/p>\n<p>Ausf\u00fchrlich haben wir schlie\u00dflich (5.) die negativen Folgen geringerer Einnahmen durch W\u00e4rmeverkauf und einer eventuell geringeren KfW-F\u00f6rderung sowie der nach aktueller Sch\u00e4tzung um ca. 15 % h\u00f6heren Baukosten erl\u00e4utert. In G\u00e4nze hat die somit kritische Situation der Genossenschaft, \u00fcber die sowohl die Sparkasse Marburg-Biedenkopf, unser Kreditgeber, als auch die EAM P, unser Betreiber der Heizzentrale und vertraglicher Projektunterst\u00fctzer, informiert sind, dazu gef\u00fchrt, dass die Genossenschaft mit professioneller Unterst\u00fctzung durch Herrn Dr. Sch\u00fclke (Unternehmensberater) bis Ende Februar einen neuen und von allen Beteiligten mit getragenen Businessplan (Sanierungskonzept) erarbeiten muss. Die Vorgehensweise dazu und m\u00f6gliche Stellschrauben der Anpassung des Gesch\u00e4ftsplans an die neue Situation der Genossenschaft wurden durch Herrn Dr. Sch\u00fclke vorgestellt.<\/p>\n<p><strong>Betont wurde in der Veranstaltung auch, dass die Sanierung f\u00fcr die Mitglieder der Genossenschaft nicht mit Nachfinanzierung oder steigenden W\u00e4rmepreisen verbunden sein kann und dass die weitere Versorgung mit Nahw\u00e4rme in den H\u00e4usern sichergestellt ist.<\/strong><\/p>\n<p>\u00dcber das in der Versammlung Vorgestellte wurde ausgiebig und konstruktiv diskutiert. Angek\u00fcndigt wurde eine weitere Informationsveranstaltung f\u00fcr alle Mitglieder kurz nach Vorliegen des Sanierungskonzeptes Ende Februar. An dieser Veranstaltung werden auch Vertreter der Sparkasse Marburg-Biedenkopf und der EAM teilnehmen. Zeitnah nach dieser zweiten Informationsveranstaltung wird zu einer Au\u00dferordentlichen Generalversammlung eingeladen werden.<\/p>\n<h3>Silvester 2018:<\/h3>\n<p><em><strong>Liebe Mitglieder der Bioenergiegenossenschaft Kleinseelheim, liebe Kleinseelheimer*innen,<\/strong><\/em><\/p>\n<p>leider konnte das Kleinseelheimer Nahw\u00e4rme\u2010Projekt nicht wie in unserem Weihnachtsgru\u00df vor einem Jahr geschrieben bis Sommer abgeschlossen werden. Zwar erfolgte im Oktober eine Teilinbetriebnahme, und 25 H\u00e4user im Ort werden inzwischen \u00fcber die Nahw\u00e4rmeleitungen mit W\u00e4rme zum Heizen und f\u00fcr Warmwasser versorgt (und weitere werden im Januar dazukommen), aber abgeschlossen werden kann das Projekt erst nach der Winterpause.<\/p>\n<p><a href=\"http:\/\/bioenergie-kleinseelheim.de\/index.php\/2018\/12\/30\/wege-entstehen-dadurch-dass-man-sie-geht-kafka\/\">zum vollst\u00e4ndigen Text<\/a><\/p>\n<p>Wir bedanken uns bei allen, die auch im zur\u00fcckliegenden Jahr die nicht einfache Verlegung der Nahw\u00e4rme\u2010 und Glasfaserleitungen unterst\u00fctzt oder mit Blick auf den langfristigen Wert des Projektes \u201eertragen\u201c haben.<\/p>\n<p><strong><em>Vorstand und Aufsichtsrat der Bioenergiegenossenschaft Kleinseelheim eG w\u00fcnschen allen Kleinseelheimern ein gutes Jahr 2019.<\/em><\/strong><\/p>\n<h3><strong>Oktober 2018: Finanzielle Risiken und Sicherheiten einer Genossenschaftsmitgliedschaft<\/strong><\/h3>\n<p>Immer wieder werden wir auf die finanziellen Risiken der Mitgliedschaft in unserer Genossenschaft angesprochen. Dazu und auch zu den Sicherheiten einer Genossenschaftsmitgliedschaft einige kl\u00e4rende Informationen.<\/p>\n<p><a href=\"http:\/\/bioenergie-kleinseelheim.de\/wp-content\/uploads\/2018\/10\/Risiken-einer-Genossenschaftsmitgliedschaft.pdf\">Risiken einer Genossenschaftsmitgliedschaft<\/a><\/p>\n<p>Und hier noch ein vom Genossenschaftsverband zusammengestellter Vergleich der unterschiedlichen Unternehmensformen:\u00a0<a href=\"http:\/\/bioenergie-kleinseelheim.de\/wp-content\/uploads\/2018\/10\/5_-_rechtsformvergleich.pdf\">5_-_rechtsformvergleich<\/a><\/p>\n<h3><span style=\"color: #ff6600;\">14. Juni 2018: ordentliche Generalversammlung<\/span><\/h3>\n<p><strong>Bioenergiegenossenschaft Kleinseelheim blickt zuversichtlich in die Zukunft<\/strong><\/p>\n<p><strong>Vorstand und Aufsichtsrat der Genossenschaft werden in der Generalversammlung 2018 einstimmig entlastet<\/strong><\/p>\n<p>Die Bioenergiegenossenschaft Kleinseelheim f\u00fchrte am 14. Juni 2018 ihre diesj\u00e4hrige ordentliche Generalversammlung durch. Die eingeladenen Vollmitglieder und investierenden Mitglieder sowie Vertreter der EAM als Projektunterst\u00fctzer und der Sparkasse Marburg-Biedenkopf als Kreditgeber h\u00f6rten zun\u00e4chst den Bericht des Vorstands zu den Jahren 2017 und zum ersten Halbjahr 2018, informierten sich anschlie\u00dfend \u00fcber den Jahresabschluss 2017 des beauftragten Steuerberaters und folgten anschlie\u00dfend dem Bericht des Aufsichtsrates. Nach Aussprache zu diesen Themen wurde der Jahresabschluss, der mit einem geringen Plus positiv ausfiel, einstimmig festgestellt. Ebenso einstimmig wurden im weiteren Verlauf der Sitzung in getrennten Abstimmungen sowohl der Vorstand als auch der Aufsichtsrat entlastet. Weitere Programmpunkte waren die turnusgem\u00e4\u00dfe Wahl zweier neuer Aufsichtsratsmitglieder und die Abstimmung \u00fcber eine Satzungs\u00e4nderung. Auch die Wahlen und die Satzungs\u00e4nderung erfolgten einstimmig.<\/p>\n<p>Vollst\u00e4ndiger Bericht: <a href=\"http:\/\/bioenergie-kleinseelheim.de\/wp-content\/uploads\/2018\/06\/20180614_Bericht_Generalversammlung.pdf\">20180614_Bericht_Generalversammlung<\/a><\/p>\n<p><a href=\"http:\/\/bioenergie-kleinseelheim.de\/wp-content\/uploads\/2018\/06\/180531_Einladung-Generalversammlung.pdf\">180531_Einladung Generalversammlung<\/a><\/p>\n<h3>12.3.2018: Beginn der <a href=\"http:\/\/bioenergie-kleinseelheim.de\/index.php\/in-arbeit\/\">zweiten Bauphase<\/a><\/h3>\n<h3>12 \/ 2017: Abschluss der ersten Bauphase<\/h3>\n<p>Kurz vor Weihnachten 2017 wird die erste Bauphase beendet sein. Sie umfasste den \u201eSandweg\u201c beginnend an der Heizzentrale bis zur Einm\u00fcndung \u201eTeichstra\u00dfe\u201c, die \u201eRodelstra\u00dfe\u201c \/ \u201eBlumenstra\u00dfe\u201c \u00fcber den Stich \u201eAm Fliederbusch\u201c und weiter \u00fcber die \u201eKirschenbergstra\u00dfe\u201c in die \u201eSonnenstra\u00dfe\u201c bis einschlie\u00dflich \u201eLaubenweg\u201c.<\/p>\n<p>Die zweite Bauphase beginnt fr\u00fchestens am 21. Januar. Bis zum Sommer 2018 soll das gesamte Netz fertig sein.<\/p>\n<h3>28.11.2017: <a href=\"http:\/\/bioenergie-kleinseelheim.de\/index.php\/burgerinformation-am-28-11-2017\/\">B\u00fcrgerinformationsveranstaltung<\/a> von EAM P und Genossenschaft \u00fcber den Stand des Nahw\u00e4rmenetzbaus<\/h3>\n<h3>27.11.2017: Das Stadtparlament nimmt unseren Antrag zu einer baulichen Sonderl\u00f6sung f\u00fcr die ersten 75 Metern der Leitung im Sandweg an.<\/h3>\n<h3>29.08.2017: Endlich Baubeginn<\/h3>\n<h3>19.06.2017: Unsere Genossenschaft ist auf dem Registerblatt GnR 340 des Amtsgerichts Marburg eingetragen.<\/h3>\n<h3>o1.06.2017: Das Anwesen im Sandweg 33 (ehemals Roth Agrarhandel) geh\u00f6rt nun der Bioenergiegenossenschaft.<\/h3>\n<h3>09.05.2017: Eintragung ins Genossenschaftsregister veranlasst<\/h3>\n<p>Heute wurde ein Notar vom Vorstand damit beauftragt, die Eintragung ins Genossenschaftsregister zu veranlassen.<\/p>\n<h3>02.05.2017: Erfolgreiche Gr\u00fcndungspr\u00fcfung<\/h3>\n<div class=\"entry-content\">\n<p>Heute konnte der Vorstand den positiven Pr\u00fcfbericht des Genossenschaftsverbandes Neu Isenburg in Empfang nehmen.<br \/>\nDamit ist die vorletzte H\u00fcrde zur Genossenschaftsgr\u00fcndung genommen. N\u00e4chste Woche wird ein Notar uns zur Eintragung ins Genossenschaftsregister anmelden.<\/p>\n<\/div>\n","protected":false},"excerpt":{"rendered":"<p>Februar 2025: Am 20.2.2025 erfolgte die L\u00f6schung der Genossenschaft aus dem Firmenregister des Amtsgerichts Marburg. November 2024: Die Genossenschaft wird in absehbarer Zeit aus dem Firmenregister des Amtsgerichts gel\u00f6scht Nachdem die Genossenschaft schon lange ihre Gesch\u00e4ftst\u00e4tigkeit aufgegeben hat, sind nur alle b\u00fcrokratischen Hindernisse auf dem Weg zur L\u00f6schung des Unternehmens beseitigt. Der Zeitpunkt h\u00e4ngt vom [&hellip;]<\/p>\n","protected":false},"author":3,"featured_media":0,"parent":0,"menu_order":0,"comment_status":"closed","ping_status":"closed","template":"","meta":{"footnotes":""},"class_list":["post-198","page","type-page","status-publish","hentry"],"_links":{"self":[{"href":"https:\/\/bioenergie-kleinseelheim.de\/index.php\/wp-json\/wp\/v2\/pages\/198","targetHints":{"allow":["GET"]}}],"collection":[{"href":"https:\/\/bioenergie-kleinseelheim.de\/index.php\/wp-json\/wp\/v2\/pages"}],"about":[{"href":"https:\/\/bioenergie-kleinseelheim.de\/index.php\/wp-json\/wp\/v2\/types\/page"}],"author":[{"embeddable":true,"href":"https:\/\/bioenergie-kleinseelheim.de\/index.php\/wp-json\/wp\/v2\/users\/3"}],"replies":[{"embeddable":true,"href":"https:\/\/bioenergie-kleinseelheim.de\/index.php\/wp-json\/wp\/v2\/comments?post=198"}],"version-history":[{"count":67,"href":"https:\/\/bioenergie-kleinseelheim.de\/index.php\/wp-json\/wp\/v2\/pages\/198\/revisions"}],"predecessor-version":[{"id":2071,"href":"https:\/\/bioenergie-kleinseelheim.de\/index.php\/wp-json\/wp\/v2\/pages\/198\/revisions\/2071"}],"wp:attachment":[{"href":"https:\/\/bioenergie-kleinseelheim.de\/index.php\/wp-json\/wp\/v2\/media?parent=198"}],"curies":[{"name":"wp","href":"https:\/\/api.w.org\/{rel}","templated":true}]}}