{"id":222,"date":"2015-10-29T20:02:34","date_gmt":"2015-10-29T20:02:34","guid":{"rendered":"http:\/\/alibis.in-berlin.de:8181\/?page_id=222"},"modified":"2020-12-18T10:26:07","modified_gmt":"2020-12-18T10:26:07","slug":"entstehung","status":"publish","type":"page","link":"https:\/\/bioenergie-kleinseelheim.de\/index.php\/entstehung\/","title":{"rendered":"Entstehung"},"content":{"rendered":"<div id=\"cc-m-header-12319848225\" class=\"n j-header \">\n<div><a href=\"http:\/\/bioenergie-kleinseelheim.de\/index.php\/presse\/\">weiter zu Presse<\/a><\/div>\n<div><\/div>\n<div><strong>Von der Idee, \u00fcber die Gr\u00fcndung einer Energiegenossenschaft auf dem Weg zum Bioenergiedorf<\/strong><\/div>\n<\/div>\n<div><\/div>\n<div><strong>April 2016<\/strong><\/div>\n<div>Die au\u00dferordentliche Mitgliederversammlung der Bioenergiegenossenschaft beschlie\u00dft einstimmig bei einer Enthaltung, das Nahw\u00e4rmeprojekt in Kooperation mit der EAM weiter voranzubringen.<\/div>\n<div><\/div>\n<div id=\"cc-m-header-12319848225\" class=\"n j-header \">\n<div><strong>August 2015<\/strong><\/div>\n<div>Leider haben wir unser Ziel von 105 Hausanschl\u00fcssen zum geplanten Zeitpunkt (August 2015) nicht erreicht. Die Gr\u00fcndungsmitglieder der Genossenschaft beschliessen deswegen, die vorliegende Machbarkeitsstudie im Winter 2015\/16 \u00fcberarbeiten zu lassen<\/div>\n<div>und\/oder andere Wege zur Verwirklichung unseres Ziels zu \u00fcberpr\u00fcfen.<\/div>\n<div>Die Beantragung der Eintragung der Genossenschaft in das Genossenschaftsregister soll erst nach Vorliegen der \u00fcberarbeiteten Studie oder eines neuen Konzepts beschlossen werden.<\/div>\n<div><\/div>\n<\/div>\n<div><strong>Juli 2015<\/strong><\/div>\n<div>Nach Abschluss der Machbarkeitsstudie im Juni 2015 begann am 7. Juli 2015 mit der Gr\u00fcndungsversammlung der Prozess der Gr\u00fcndung der &#8220;Bioenergiegenossenschaft Kleinseelheim&#8221;.<\/div>\n<div><\/div>\n<div><strong>November 2014<\/strong><\/div>\n<div>Vortrag von Herrn Pfalz (VR Bank HessenLand) im Feuerwehrhaus Kleinseelheim zum Thema der Gr\u00fcndung und des Betreibens von Energiegenossenschaften. Der Vortrag informierte uns dar\u00fcber , dass<\/div>\n<div id=\"cc-m-12280809625\" class=\"n j-text \">\n<ul>\n<li>die Gr\u00fcndung einer Energiegenossenschaft mit dem Ziel des Baus eines Nahw\u00e4rmenetzes mit Heizzentrale nach Vorlage des Ergebnisses der Machbarkeitsstudie rasch in Angriff genommen werden sollte;<\/li>\n<li>Kreditinstitute anschlussbereiten Hauseigent\u00fcmern Kredite zu sehr g\u00fcnstigen Konditionen anbeiten, um den Genossenschaftsbeitrag von H\u00f6he von 6.000 Euro zu zahlen;<\/li>\n<li>die Genossenschaft Bauherrin, Besitzerin und Betreiberin des Nahw\u00e4rmenetzes sein wird und damit auch das unternehmerische Risiko tr\u00e4gt.<\/li>\n<\/ul>\n<div>Zum Thema &#8220;Risiko&#8221; informierte uns der Vortrag aber dar\u00fcber, dass diese sehr gering seien, denn: Kein Kreditinstitut werde die erforderlichen hohen Kredite vergeben, ohne das Vorhaben sorgf\u00e4ltig zu pr\u00fcfen. Das Gleiche gelte f\u00fcr die staatlichen Zusch\u00fcsse, mit denen wir rechnen k\u00f6nnten. Und auch nach Projektumsetzung, d.h. Bau des Nahrw\u00e4rmenetzes, w\u00fcrde die zust\u00e4ndige Bioenergiegenossenschaft strengen j\u00e4hrlichen Wirtschaftspr\u00fcfungen unterliegen. Und schlie\u00dflich haften die Miglieder der Bioenergiegenossenschaft allein in H\u00f6he der Einlage von 6.000 Euro.<\/div>\n<\/div>\n<div><\/div>\n<div><strong>August 2014<\/strong><\/div>\n<div>Das Ingenieurb\u00fcro EWT (Grebenhain) wurde mit der Durchf\u00fchrung des Machbarkeitsstudie &#8220;Nahw\u00e4rmenetz Kleinseelheim&#8221; beauftragt. Finanziert wurde die Studie im Auftrag des <a href=\"http:\/\/www.kleinseelheim.de\/vereine\/foerderverein\/\" target=\"_blank\" rel=\"noopener\"><b>F\u00f6rdervereins 1225 Jahre Kleinseelheim e.V.<\/b><\/a><b> <\/b>durch Spenden anschlusswilliger Kleinseelheimer\/innen und zweier Geldinstitute. Und auch der Landkreis Marburg-Biedenkopf unterst\u00fctzte die Machbarkeitsstudie, denn der Landkreis hat ein Interesse daran zu erfahren, ob auch ein Ort wie Kleinseelheim, d.h. ohne Biogasanlage oder Abw\u00e4rme aus z.B. einem S\u00e4gewerk (die bisherigen Bioenergied\u00f6rfer des Landkreises decken so die energetische Grundlast ab), Bioenergiedorf werden k\u00f6nnte. Wir danken allen Sponsoren, die es erm\u00f6glicht haben, die Machbarkeitsstudie zu beauftragen.<\/div>\n<div>\n<div><\/div>\n<div><strong>M\u00e4rz 2014<\/strong><\/div>\n<div>Ein erstes Treffen der Arbeitsgemeinschaft aus ca. 15 Kleinseelheimern fand Mitte M\u00e4rz 2014 statt. Sprecher der AG war zun\u00e4chst Herr Peter Hoenen und ab September 2014 Frau Ulrike Simon. Die AG f\u00fchrte in den folgenden Monaten zahlreiche Aktivit\u00e4ren durch:<\/div>\n<div>\n<ul>\n<li>Erfassung von Interessenten an einem Nahw\u00e4rmeanschluss<\/li>\n<li>Erarbeitung eines Flyers zum Nahw\u00e4rmekonzept<\/li>\n<li>Vorbereitung und Durchf\u00fchrung einer weiteren <a href=\"http:\/\/alibis.in-berlin.de:8181\/wp-content\/uploads\/2015\/10\/B%C3%BCrgerinformation-zum-Nahw%C3%A4rmenetz-Kleinseelheim.pdf\" target=\"_blank\" rel=\"noopener\">B\u00fcrgerinformation zum Nahw\u00e4rmenetz Kleinseelheim<\/a> und der Besichtigung der Heizzentrale des Bioenergiedorf Erfurtshausen (<a href=\"http:\/\/alibis.in-berlin.de:8181\/wp-content\/uploads\/2015\/10\/Riehl_1-3-2015.pdf\" target=\"_blank\" rel=\"noopener\">Riehl_1-3-2015<\/a>)<\/li>\n<li>Erarbeitung einer Informationsbrosch\u00fcre und eines Fragebogens<\/li>\n<li>Durchf\u00fchrung einer B\u00fcrgerbefragung<\/li>\n<li>Kontaktpflege zu B\u00fcrger\/innen, Beh\u00f6rden und Institutionen<\/li>\n<li>Beschaffung wichtiger Informationen als Voraussetzung zum m\u00f6glichen Bau eines Nahw\u00e4rmenetzes und zur Gr\u00fcndung einer Bioenergiegenossenschaft<\/li>\n<\/ul>\n<\/div>\n<\/div>\n<div><strong>Februar 2014<\/strong><\/div>\n<div>Die Anfang Februar 2014 durchgef\u00fchrte B\u00fcrgerinformation war sehr gut besucht.\u00a0 Ende Februar 2014 wurden die Ergebnisse der B\u00fcrgerinformation in einer Ortsbeiratssitzung beraten. Es wurde die Bildung einer &#8220;Arbeitsgemeinschaft Bioenergiedorf Kleinseelheim&#8221; angeregt, die mit Unterst\u00fctzung durch die Bioenergie-Region Mittelhessen und den Landkreis Marburg-Biedenkopf eine Machbarkeitsstudie auf den Weg bringen sollte.<\/div>\n<div>\n<div><\/div>\n<div><strong>Dezember 2013<\/strong><\/div>\n<div>Das Thema wurde in einer weiteren Ortsbeiratssitzung vertieft behandelt und die zeitnahe Durchf\u00fchrung einer B\u00fcrgerinformation beschlossen.<\/div>\n<div><\/div>\n<div><strong>September 2013<\/strong><\/div>\n<\/div>\n<div id=\"cc-matrix-2948069225\">\n<div id=\"cc-m-12273009625\" class=\"n j-header \">\n<div>In einer Ortsbeiratssitzung wurde<b> <\/b>beschlossen, dazu Gespr\u00e4che in der Kommune und mit dem zust\u00e4ndigen Fachdienst des Landkreises\u00a0zu f\u00fchren. Konkret sollte \u00fcberlegt werden, ob eine Machbarkeitsstudie beauftragt werden sollte, um zu pr\u00fcfen, ob ein Bioenergiedorf Kleinseelheim wirtschaftlich und \u00f6kologisch sinnvoll w\u00e4re.<\/div>\n<div><\/div>\n<p>\u00dcbrigens: Unsere <a href=\"http:\/\/bioenergie-kleinseelheim.jimdo.com\/\" target=\"_blank\" rel=\"noopener\">alte Homepage <\/a>gibt es noch &#8211; dort kann man einiges noch genauer nachlesen<\/p>\n<div><\/div>\n<\/div>\n<\/div>\n","protected":false},"excerpt":{"rendered":"<p>weiter zu Presse Von der Idee, \u00fcber die Gr\u00fcndung einer Energiegenossenschaft auf dem Weg zum Bioenergiedorf April 2016 Die au\u00dferordentliche Mitgliederversammlung der Bioenergiegenossenschaft beschlie\u00dft einstimmig bei einer Enthaltung, das Nahw\u00e4rmeprojekt in Kooperation mit der EAM weiter voranzubringen. August 2015 Leider haben wir unser Ziel von 105 Hausanschl\u00fcssen zum geplanten Zeitpunkt (August 2015) nicht erreicht. Die [&hellip;]<\/p>\n","protected":false},"author":3,"featured_media":0,"parent":0,"menu_order":0,"comment_status":"closed","ping_status":"closed","template":"","meta":{"footnotes":""},"class_list":["post-222","page","type-page","status-publish","hentry"],"_links":{"self":[{"href":"https:\/\/bioenergie-kleinseelheim.de\/index.php\/wp-json\/wp\/v2\/pages\/222","targetHints":{"allow":["GET"]}}],"collection":[{"href":"https:\/\/bioenergie-kleinseelheim.de\/index.php\/wp-json\/wp\/v2\/pages"}],"about":[{"href":"https:\/\/bioenergie-kleinseelheim.de\/index.php\/wp-json\/wp\/v2\/types\/page"}],"author":[{"embeddable":true,"href":"https:\/\/bioenergie-kleinseelheim.de\/index.php\/wp-json\/wp\/v2\/users\/3"}],"replies":[{"embeddable":true,"href":"https:\/\/bioenergie-kleinseelheim.de\/index.php\/wp-json\/wp\/v2\/comments?post=222"}],"version-history":[{"count":13,"href":"https:\/\/bioenergie-kleinseelheim.de\/index.php\/wp-json\/wp\/v2\/pages\/222\/revisions"}],"predecessor-version":[{"id":1915,"href":"https:\/\/bioenergie-kleinseelheim.de\/index.php\/wp-json\/wp\/v2\/pages\/222\/revisions\/1915"}],"wp:attachment":[{"href":"https:\/\/bioenergie-kleinseelheim.de\/index.php\/wp-json\/wp\/v2\/media?parent=222"}],"curies":[{"name":"wp","href":"https:\/\/api.w.org\/{rel}","templated":true}]}}