{"id":372,"date":"2015-10-30T18:19:01","date_gmt":"2015-10-30T18:19:01","guid":{"rendered":"http:\/\/alibis.in-berlin.de:8181\/?page_id=372"},"modified":"2024-11-08T20:44:16","modified_gmt":"2024-11-08T20:44:16","slug":"wie","status":"publish","type":"page","link":"https:\/\/bioenergie-kleinseelheim.de\/index.php\/wie\/","title":{"rendered":"Nahw\u00e4rmeanschluss"},"content":{"rendered":"<h2 class=\"western\" align=\"left\"><span style=\"color: #000000;\"><span style=\"font-family: Liberation Serif, serif;\"><span style=\"font-size: medium;\"><span lang=\"de-DE\">N<\/span><\/span><\/span><\/span><span style=\"color: #000000;\"><span style=\"font-family: Liberation Serif, serif;\"><span style=\"font-size: medium;\"><span lang=\"de-DE\">eue Nahw\u00e4rmekunden gesucht!<a href=\"http:\/\/bioenergie-kleinseelheim.de\/wp-content\/uploads\/2016\/02\/eam_logo_glow.png\"><img loading=\"lazy\" decoding=\"async\" class=\"size-full wp-image-619 alignright\" src=\"http:\/\/bioenergie-kleinseelheim.de\/wp-content\/uploads\/2016\/02\/eam_logo_glow.png\" alt=\"\" width=\"195\" height=\"196\" srcset=\"https:\/\/bioenergie-kleinseelheim.de\/wp-content\/uploads\/2016\/02\/eam_logo_glow.png 195w, https:\/\/bioenergie-kleinseelheim.de\/wp-content\/uploads\/2016\/02\/eam_logo_glow-150x150.png 150w\" sizes=\"auto, (max-width: 195px) 100vw, 195px\" \/><\/a><\/span><\/span><\/span><\/span><\/h2>\n<p class=\"western\" align=\"left\"><span style=\"color: #000000;\"><span style=\"font-family: Liberation Serif, serif;\"><span style=\"font-size: medium;\"><span lang=\"de-DE\">Das Kleinseelheimer Netz und die Heizzentrale sind auf Zuwachs angelegt und neue Nahw\u00e4rmekunden sind herzlich willkommen!<\/span><\/span><\/span><\/span><\/p>\n<p class=\"western\" align=\"left\"><strong><span style=\"color: #000000;\"><span style=\"font-family: Liberation Serif, serif;\"><span style=\"font-size: medium;\"><span lang=\"de-DE\">M<\/span><\/span><\/span><\/span><span style=\"color: #000000;\"><span style=\"font-family: Liberation Serif, serif;\"><span style=\"font-size: medium;\"><span lang=\"de-DE\">\u00f6chten Sie sich \u00fcber einen Nahw\u00e4rmeanschluss informieren?<\/span><\/span><\/span><\/span><\/strong><\/p>\n<p class=\"western\" align=\"left\"><span style=\"color: #000000;\"><span style=\"font-family: Liberation Serif, serif;\"><span style=\"font-size: medium;\"><span lang=\"de-DE\">Dann wenden Sie sich an die Ansprechparterin vor Ort:<\/span><\/span><\/span><\/span><\/p>\n<p class=\"western\" align=\"left\"><span style=\"color: #000000;\"><span style=\"font-family: Liberation Serif, serif;\"><span style=\"font-size: medium;\"><span lang=\"de-DE\"><em>Ulrike Simon, Tel. 06422 6554, mobil 0171 3530571<\/em><br \/>\n<\/span><\/span><\/span><\/span><\/p>\n<h3 class=\"western\" align=\"left\"><span style=\"color: #000000;\"><span style=\"font-family: Liberation Serif, serif;\"><span style=\"font-size: medium;\"><span lang=\"de-DE\">Die Nahw\u00e4rme bietet viele Vorteile:<\/span><\/span><\/span><\/span><\/h3>\n<ul>\n<li class=\"western\"><span style=\"color: #000000;\"><span style=\"font-family: Liberation Serif, serif;\"><span style=\"font-size: medium;\"><span lang=\"de-DE\">Die Kleinseelheimer Nahw\u00e4rme<\/span><\/span><\/span><\/span><span style=\"color: #000000;\"><span style=\"font-family: Liberation Serif, serif;\"><span style=\"font-size: medium;\"><span lang=\"de-DE\"> wird zurzeit zu 50 % CO2-neutral erzeugt. Der Anteil wird nach Umbauma\u00dfnahmen steigen.<\/span><\/span><\/span><\/span><\/li>\n<li class=\"western\"><span style=\"color: #000000;\"><span style=\"font-family: Liberation Serif, serif;\"><span style=\"font-size: medium;\"><span lang=\"de-DE\">Bestandsgeb\u00e4ude, die nur mit sehr hohem Aufwand heutige W\u00e4rmed\u00e4mmstandards erreichen k\u00f6nnen, sind somit trotzdem keine CO2 Schleudern.<\/span><\/span><\/span><\/span><span style=\"color: #000000;\"><span style=\"font-family: Liberation Serif, serif;\"><span style=\"font-size: medium;\"><span lang=\"de-DE\">Deswegen bietet Nahw\u00e4rme, mittel- und langfristig eine zukunftsf\u00e4hige Alternative zu konventionellen Heizungssystemen. <\/span><\/span><\/span><\/span><\/li>\n<li class=\"western\"><span style=\"color: #000000;\"><span style=\"font-family: Liberation Serif, serif;\"><span style=\"font-size: medium;\"><span lang=\"de-DE\">Nach dem Heizungsf\u00f6rderungsgesetz werden die Anschlusskosten in H\u00f6he von bis zu 70% bezuschusst.<\/span><\/span><\/span><\/span><\/li>\n<\/ul>\n<ul>\n<li class=\"western\"><span style=\"color: #000000;\"><span style=\"font-family: Liberation Serif, serif;\"><span style=\"font-size: medium;\"><span lang=\"de-DE\">Sie ist sehr bequem, weil die EAM f\u00fcr das W\u00e4rmenetz inklusive Haus\u00fcbergabestation zust\u00e4ndig ist.<\/span><\/span><\/span><\/span><\/li>\n<li class=\"western\"><span style=\"color: #000000;\"><span style=\"font-family: Liberation Serif, serif;\"><span style=\"font-size: medium;\"><span lang=\"de-DE\">Sie sparen Schornsteinfeger- <\/span><\/span><\/span><\/span><span style=\"color: #000000;\"><span style=\"font-family: Liberation Serif, serif;\"><span style=\"font-size: medium;\"><span lang=\"de-DE\">und <\/span><\/span><\/span><\/span><span style=\"color: #000000;\"><span style=\"font-family: Liberation Serif, serif;\"><span style=\"font-size: medium;\"><span lang=\"de-DE\">Reparaturkosten <\/span><\/span><\/span><\/span><span style=\"color: #000000;\"><span style=\"font-family: Liberation Serif, serif;\"><span style=\"font-size: medium;\"><span lang=\"de-DE\">und brauchen keine R\u00fccklagen f\u00fcr die Heizungserneuerung zu bilden. <\/span><\/span><\/span><\/span><\/li>\n<li class=\"western\"><span style=\"color: #000000;\"><span style=\"font-family: Liberation Serif, serif;\"><span style=\"font-size: medium;\"><span lang=\"de-DE\">Sie sparen Platz, <\/span><\/span><\/span><\/span><span style=\"color: #000000;\"><span style=\"font-family: Liberation Serif, serif;\"><span style=\"font-size: medium;\"><span lang=\"de-DE\">der Heizungskeller entf\u00e4llt. Einige Baul\u00fccken bzw. H\u00e4user sind schon mit einem Bedarfsanschlussst\u00fcck ausgestattet. H\u00e4user bzw. Grundst\u00fccke ohne Nahw\u00e4rme- und Glasfaser-Anschluss k\u00f6nnen in den meisten F\u00e4llen nachtr\u00e4glich angeschlossen werden. Hier der <a href=\"_wp_link_placeholder\" data-wplink-edit=\"true\">Link<\/a> zu den Immobilien-Angeboten.<\/span><\/span><\/span><\/span><\/li>\n<\/ul>\n","protected":false},"excerpt":{"rendered":"<p>Neue Nahw\u00e4rmekunden gesucht! Das Kleinseelheimer Netz und die Heizzentrale sind auf Zuwachs angelegt und neue Nahw\u00e4rmekunden sind herzlich willkommen! M\u00f6chten Sie sich \u00fcber einen Nahw\u00e4rmeanschluss informieren? Dann wenden Sie sich an die Ansprechparterin vor Ort: Ulrike Simon, Tel. 06422 6554, mobil 0171 3530571 Die Nahw\u00e4rme bietet viele Vorteile: Die Kleinseelheimer Nahw\u00e4rme wird zurzeit zu 50 [&hellip;]<\/p>\n","protected":false},"author":3,"featured_media":0,"parent":0,"menu_order":0,"comment_status":"closed","ping_status":"closed","template":"","meta":{"footnotes":""},"class_list":["post-372","page","type-page","status-publish","hentry"],"_links":{"self":[{"href":"https:\/\/bioenergie-kleinseelheim.de\/index.php\/wp-json\/wp\/v2\/pages\/372","targetHints":{"allow":["GET"]}}],"collection":[{"href":"https:\/\/bioenergie-kleinseelheim.de\/index.php\/wp-json\/wp\/v2\/pages"}],"about":[{"href":"https:\/\/bioenergie-kleinseelheim.de\/index.php\/wp-json\/wp\/v2\/types\/page"}],"author":[{"embeddable":true,"href":"https:\/\/bioenergie-kleinseelheim.de\/index.php\/wp-json\/wp\/v2\/users\/3"}],"replies":[{"embeddable":true,"href":"https:\/\/bioenergie-kleinseelheim.de\/index.php\/wp-json\/wp\/v2\/comments?post=372"}],"version-history":[{"count":52,"href":"https:\/\/bioenergie-kleinseelheim.de\/index.php\/wp-json\/wp\/v2\/pages\/372\/revisions"}],"predecessor-version":[{"id":2026,"href":"https:\/\/bioenergie-kleinseelheim.de\/index.php\/wp-json\/wp\/v2\/pages\/372\/revisions\/2026"}],"wp:attachment":[{"href":"https:\/\/bioenergie-kleinseelheim.de\/index.php\/wp-json\/wp\/v2\/media?parent=372"}],"curies":[{"name":"wp","href":"https:\/\/api.w.org\/{rel}","templated":true}]}}