{"id":386,"date":"2015-10-30T19:25:30","date_gmt":"2015-10-30T19:25:30","guid":{"rendered":"http:\/\/alibis.in-berlin.de:8181\/?page_id=386"},"modified":"2020-11-19T17:29:59","modified_gmt":"2020-11-19T17:29:59","slug":"links","status":"publish","type":"page","link":"https:\/\/bioenergie-kleinseelheim.de\/index.php\/links\/","title":{"rendered":"Links"},"content":{"rendered":"<h4>Gesch\u00e4ftspartner<\/h4>\n<p><a href=\"https:\/\/www.eam.de\/\">EAM P<\/a> (Planung und Bauleitung)<\/p>\n<p><a href=\"http:\/\/www.hgringel.de\/\">Gringel<\/a> (Tiefbau)<\/p>\n<p><a href=\"http:\/\/helmar-tg.de\/\">Helmar<\/a> (Rohrbau)<\/p>\n<p><a href=\"http:\/\/keim-netztechnik.de\/\">Keim Netztechnik<\/a> (Glasfasernetz: Planung und Montage)<\/p>\n<p><a href=\"http:\/\/www.gabocom.de\/\">Gabocom (Leerrohre f\u00fcr Glasfasernetz)<\/a><\/p>\n<p><a href=\"https:\/\/www.kring-waerme.de\/\" target=\"_blank\" rel=\"noopener\">Kring<\/a> (Haus\u00fcbergabestationen)<\/p>\n<p><a href=\"https:\/\/www.skmb.de\/\">Sparkasse Marburg-Biedenkopf<\/a> (Finanzierung)<\/p>\n<p><a href=\"https:\/\/www.graeb-schrotthandel.de\/\">Gr\u00e4b Schrotthandel<\/a> (Entkernung Heizzentrale und Abbau der Silos)<\/p>\n<p>J<a href=\"http:\/\/www.b2-architekten.de\/\">an Bergk\u00e4mper, B2 Architekten<\/a> (Sicherheitsbeauftragter)#<\/p>\n<p>Kai Krauskopf,Kirchhain-Kleinseelheim (Installation W\u00e4rme\u00fcbergabestationen)<\/p>\n<p>Christian Liebmann, Kirchhain (Installation W\u00e4rme\u00fcbergabestationen)<\/p>\n<p>Markus Bromm, Kirchhain (Installation W\u00e4rme\u00fcbergabestationen)<\/p>\n<p>&nbsp;<\/p>\n<p><a href=\"http:\/\/www.ewt-ingenieure.de\/\">EWT-Ingenieure <\/a>(Verfasser unserer Machbarkeitsstudie)<\/p>\n<p>&nbsp;<\/p>\n<h4>Kooperationspartner und F\u00f6rderer<\/h4>\n<p><a href=\"http:\/\/www.klimaschutz.marburg-biedenkopf.de\/\">Fachdienst Klimaschutz und Erneuerbare Energien des Landkreises Marburg-Biedenkopf<\/a><\/p>\n<p><a href=\"https:\/\/www.genossenschaftsverband.de\/verband\">Genossenschaftsverband Neu-Isenburg<\/a><\/p>\n<p><a href=\"http:\/\/www.kleinseelheim.de\/vereine\/foerderverein\/\">F\u00f6rderverein 1025 Jahre Kleinseelheim e.V.<\/a><\/p>\n<p><a href=\"https:\/\/www.vrbank-hessenland.de\/\" target=\"_blank\" rel=\"noopener\">VR-Bank HessenLand<\/a><\/p>\n<p><a href=\"http:\/\/www.ekm-energie.de\/\" target=\"_blank\" rel=\"noopener\">EnergieefizienzKommunalMitgestalten<\/a><\/p>\n<p><a href=\"https:\/\/www.kfw.de\/inlandsfoerderung\/Unternehmen\/Energie-Umwelt\/Finanzierungsangebote\/Erneuerbare-Energien-Premium-%28271-281%29\/\" target=\"_blank\" rel=\"noopener\">KfW<\/a><\/p>\n<p>&nbsp;<\/p>\n<p><strong>Unterst\u00fctzung durch Genossenschafts-Mitgliedschaft<\/strong><\/p>\n<p><a href=\"http:\/\/www.kirchhain.de\/\">Stadt Kirchhain<\/a><\/p>\n<p><a href=\"http:\/\/www.rsv-kleinseelheim.de\/\">RSV Kleinseelheim<\/a><\/p>\n<p><a href=\"http:\/\/www.ekkw.de\/service\/umweltfragen\/index.html\">Evangelische Landeskirche Kurhessen-Waldeck<\/a><\/p>\n<h4><\/h4>\n<h4>Energiegenossenschaften<\/h4>\n<p><a href=\"http:\/\/www.energiegenossenschaft-erfurtshausen.de\/news\/\" target=\"_blank\" rel=\"noopener\">http:\/\/www.energiegenossenschaft-erfurtshausen.de\/<\/a><\/p>\n<p><a href=\"http:\/\/www.nw-r.de\/\" target=\"_blank\" rel=\"noopener\">Nahw\u00e4rme Rauschenberg<\/a><\/p>\n<p><a href=\"http:\/\/www.nahwaerme-unterrosphe.de\/\" target=\"_blank\" rel=\"noopener\">Energiegenossenschaft Unterrosphe<\/a><\/p>\n<p><a href=\"http:\/\/www.bioenergiedorf-oberrosphe.de\" target=\"_blank\" rel=\"noopener\">Energiegenossenschaft Oberrosphe<\/a><\/p>\n<p><a href=\"http:\/\/www.nw-schoenstadt.de\" target=\"_blank\" rel=\"noopener\">Energiegenossenschaft Sch\u00f6nstadt<\/a><\/p>\n<p><a href=\"https:\/\/www.nahwaerme-mardorf.de\/\" target=\"_blank\" rel=\"noopener\">Nahw\u00e4rme Mardorf<\/a><\/p>\n<p><a href=\"http:\/\/www.bioenergie-fronhausen.de\/\" target=\"_blank\" rel=\"noopener\">Energiegenossenschaft Fronhausen<\/a><\/p>\n<p><a href=\"http:\/\/www.nahw\u00e4rmenetz-erksdorf.de\/\" target=\"_blank\" rel=\"noopener\">Energiegenossenschaft Erksdorf<\/a><\/p>\n<p><a href=\"https:\/\/www.begmengsberg.de\/\" target=\"_blank\" rel=\"noopener\">Bioenergiegenossenschaft Mengsberg<\/a><\/p>\n<h4><\/h4>\n<h4>Informationen<\/h4>\n<p><a href=\"https:\/\/hans-josef-fell.de\/\" target=\"_blank\" rel=\"noopener\">Seite von Hans-Josef Fell<\/a>, Tr\u00e4ger des Bundesverdienstkreuzes, MdB bis 2013, Gr\u00fcnder der <a href=\"http:\/\/energywatchgroup.org\/\" target=\"_blank\" rel=\"noopener\">Energy Watch Group (EWG)<\/a><\/p>\n<p><a href=\"https:\/\/www.fnr.de\/\" target=\"_blank\" rel=\"noopener\">Fachagentur nachwachsende Rohstoffe<\/a> &#8211; E<span class=\"fnr\">in Projekttr\u00e4ger des Bundesministeriums f\u00fcr Ern\u00e4hrung und Landwirtschaft<\/span><\/p>\n<p><span class=\"fnr\">\u00a0<\/span><\/p>\n<p>&nbsp;<\/p>\n","protected":false},"excerpt":{"rendered":"<p>Gesch\u00e4ftspartner EAM P (Planung und Bauleitung) Gringel (Tiefbau) Helmar (Rohrbau) Keim Netztechnik (Glasfasernetz: Planung und Montage) Gabocom (Leerrohre f\u00fcr Glasfasernetz) Kring (Haus\u00fcbergabestationen) Sparkasse Marburg-Biedenkopf (Finanzierung) Gr\u00e4b Schrotthandel (Entkernung Heizzentrale und Abbau der Silos) Jan Bergk\u00e4mper, B2 Architekten (Sicherheitsbeauftragter)# Kai Krauskopf,Kirchhain-Kleinseelheim (Installation W\u00e4rme\u00fcbergabestationen) Christian Liebmann, Kirchhain (Installation W\u00e4rme\u00fcbergabestationen) Markus Bromm, Kirchhain (Installation W\u00e4rme\u00fcbergabestationen) &nbsp; EWT-Ingenieure (Verfasser [&hellip;]<\/p>\n","protected":false},"author":3,"featured_media":0,"parent":0,"menu_order":0,"comment_status":"closed","ping_status":"closed","template":"","meta":{"footnotes":""},"class_list":["post-386","page","type-page","status-publish","hentry"],"_links":{"self":[{"href":"https:\/\/bioenergie-kleinseelheim.de\/index.php\/wp-json\/wp\/v2\/pages\/386","targetHints":{"allow":["GET"]}}],"collection":[{"href":"https:\/\/bioenergie-kleinseelheim.de\/index.php\/wp-json\/wp\/v2\/pages"}],"about":[{"href":"https:\/\/bioenergie-kleinseelheim.de\/index.php\/wp-json\/wp\/v2\/types\/page"}],"author":[{"embeddable":true,"href":"https:\/\/bioenergie-kleinseelheim.de\/index.php\/wp-json\/wp\/v2\/users\/3"}],"replies":[{"embeddable":true,"href":"https:\/\/bioenergie-kleinseelheim.de\/index.php\/wp-json\/wp\/v2\/comments?post=386"}],"version-history":[{"count":16,"href":"https:\/\/bioenergie-kleinseelheim.de\/index.php\/wp-json\/wp\/v2\/pages\/386\/revisions"}],"predecessor-version":[{"id":1891,"href":"https:\/\/bioenergie-kleinseelheim.de\/index.php\/wp-json\/wp\/v2\/pages\/386\/revisions\/1891"}],"wp:attachment":[{"href":"https:\/\/bioenergie-kleinseelheim.de\/index.php\/wp-json\/wp\/v2\/media?parent=386"}],"curies":[{"name":"wp","href":"https:\/\/api.w.org\/{rel}","templated":true}]}}