{"id":39,"date":"2015-09-09T18:19:51","date_gmt":"2015-09-09T18:19:51","guid":{"rendered":"http:\/\/alibis.in-berlin.de:8181\/?page_id=39"},"modified":"2020-12-18T10:23:40","modified_gmt":"2020-12-18T10:23:40","slug":"mitglied-werden","status":"publish","type":"page","link":"https:\/\/bioenergie-kleinseelheim.de\/index.php\/mitglied-werden\/","title":{"rendered":"Mitglieder"},"content":{"rendered":"<p><a href=\"http:\/\/bioenergie-kleinseelheim.de\/index.php\/satzung\/\">weiter zu Satzung<\/a><\/p>\n<p>Als Genossenschaftsmitglied sind Sie Mitbesitzer*in des Genossenschaftseigentums. Sie sind an einem evtl. Gewinn beteiligt und haften andererseits <strong>in H\u00f6he Ihrer Genossenschaftseinlagen<\/strong> auch f\u00fcr Verluste. Eine Haftung \u00fcber die Einlage hinaus besteht nicht, da unsere Satzung keine Nachschusspflicht vorsieht.<\/p>\n<p>Als Mitglied sind Sie an allen wichtigen Entscheidungen der Genossenschaft direkt beteiligt. Denn die Grunds\u00e4tze werden von der Generalversammlung aller Mitglieder beschlossen (siehe <a href=\"http:\/\/bioenergie-kleinseelheim.de\/index.php\/satzung\/\">Satzung<\/a>). \u00dcber die Wahl des <a href=\"http:\/\/bioenergie-kleinseelheim.de\/index.php\/vorstand\/\">Aufsichtsrates <\/a>(der wiederum den <a href=\"http:\/\/bioenergie-kleinseelheim.de\/index.php\/vorstand\/\">Vorstand<\/a> bestimmt) nehmen Sie au\u00dferdem Einfluss auf die Leitung der Genossenschaft. Dabei gilt: jedes Mitglied hat eine Stimme, unabh\u00e4ngig von der Anzahl der Genossenschaftsanteile, die ein Mitglied h\u00e4lt. Sollten Sie einmal bei einer Generalversammlung verhindert sein, so k\u00f6nnen Sie ein anderes Mitglied schriftlich dazu bevollm\u00e4chtigen, Sie zu vertreten.<\/p>\n<p>Dar\u00fcber hinaus lebt eine Genossenschaft vom Engagement ihrer Mitglieder. Es gab und gibt immer wieder viele Anl\u00e4sse und M\u00f6glichkeiten sich zu engagieren. Und dies haben viele unserer Mitglieder auch getan. Zurzeit betrifft das vor allem die Pflege unseres Anwesens im Sandweg 33.<\/p>\n<h2 style=\"text-align: center;\">Was dem Einzelnen nicht m\u00f6glich ist, das verm\u00f6gen viele.<br \/>\n(Friedrich Wilhelm Raiffeisen)<\/h2>\n<p>&nbsp;<\/p>\n","protected":false},"excerpt":{"rendered":"<p>weiter zu Satzung Als Genossenschaftsmitglied sind Sie Mitbesitzer*in des Genossenschaftseigentums. Sie sind an einem evtl. Gewinn beteiligt und haften andererseits in H\u00f6he Ihrer Genossenschaftseinlagen auch f\u00fcr Verluste. Eine Haftung \u00fcber die Einlage hinaus besteht nicht, da unsere Satzung keine Nachschusspflicht vorsieht. Als Mitglied sind Sie an allen wichtigen Entscheidungen der Genossenschaft direkt beteiligt. Denn die [&hellip;]<\/p>\n","protected":false},"author":2,"featured_media":0,"parent":0,"menu_order":0,"comment_status":"closed","ping_status":"closed","template":"","meta":{"footnotes":""},"class_list":["post-39","page","type-page","status-publish","hentry"],"_links":{"self":[{"href":"https:\/\/bioenergie-kleinseelheim.de\/index.php\/wp-json\/wp\/v2\/pages\/39","targetHints":{"allow":["GET"]}}],"collection":[{"href":"https:\/\/bioenergie-kleinseelheim.de\/index.php\/wp-json\/wp\/v2\/pages"}],"about":[{"href":"https:\/\/bioenergie-kleinseelheim.de\/index.php\/wp-json\/wp\/v2\/types\/page"}],"author":[{"embeddable":true,"href":"https:\/\/bioenergie-kleinseelheim.de\/index.php\/wp-json\/wp\/v2\/users\/2"}],"replies":[{"embeddable":true,"href":"https:\/\/bioenergie-kleinseelheim.de\/index.php\/wp-json\/wp\/v2\/comments?post=39"}],"version-history":[{"count":32,"href":"https:\/\/bioenergie-kleinseelheim.de\/index.php\/wp-json\/wp\/v2\/pages\/39\/revisions"}],"predecessor-version":[{"id":1912,"href":"https:\/\/bioenergie-kleinseelheim.de\/index.php\/wp-json\/wp\/v2\/pages\/39\/revisions\/1912"}],"wp:attachment":[{"href":"https:\/\/bioenergie-kleinseelheim.de\/index.php\/wp-json\/wp\/v2\/media?parent=39"}],"curies":[{"name":"wp","href":"https:\/\/api.w.org\/{rel}","templated":true}]}}