{"id":48,"date":"2015-09-09T18:20:48","date_gmt":"2015-09-09T18:20:48","guid":{"rendered":"http:\/\/alibis.in-berlin.de:8181\/?page_id=48"},"modified":"2020-12-18T10:30:55","modified_gmt":"2020-12-18T10:30:55","slug":"heizzentrale","status":"publish","type":"page","link":"https:\/\/bioenergie-kleinseelheim.de\/index.php\/heizzentrale\/","title":{"rendered":"Heizzentrale"},"content":{"rendered":"<p><a href=\"http:\/\/bioenergie-kleinseelheim.de\/index.php\/netz\/\">weiter zu Nahw\u00e4rmenetz<\/a><\/p>\n<p>Am 22.5.2019 berichtete die Oberhessische Presse:<\/p>\n<h2>Was sonst liegen bleibt, wird zum Brennstoff<\/h2>\n<p>Kirchhains Stadtteil Kleinseelheim kann sich jetzt Bioenergiedorf nennen. Schon seit Oktober hat die Bioenergiegenossenschaft Kleinseelheim ihre Mitglieder mit Nahw\u00e4rme versorgt. Die W\u00e4rme stammte aus einem Fl\u00fcssiggas-Kessel. Das ist nun vorbei. Der neue Ofen ist in Betrieb und erzeugt biologische und nachhaltige W\u00e4rme. Derbesondere Clou: Nicht Biogas und Holzhackschnitzel, sondern ein Abfallprodukt dient als Brennstoff: \u201eLandschaftspflegematerial\u201c werden \u00c4ste von Hecken und Str\u00e4uchern genannt, die normalerweise vor Ort bleiben. Kommunen, Betriebe und Privatleute liefern das Material bei der EAM Natur in Stausebach an, das dann in Kleinseelheim verbrannt wird. <a href=\"http:\/\/bioenergie-kleinseelheim.de\/wp-content\/uploads\/2019\/05\/OP-2019-05-22-Bioenergie-Kleinseelheim.pdf\">OP 2019-05-22 Bioenergie Kleinseelheim<\/a><\/p>\n<p><a href=\"http:\/\/bioenergie-kleinseelheim.de\/wp-content\/uploads\/2019\/05\/190522-OP2.jpg\"><img loading=\"lazy\" decoding=\"async\" class=\"alignleft size-medium wp-image-1716\" src=\"http:\/\/bioenergie-kleinseelheim.de\/wp-content\/uploads\/2019\/05\/190522-OP2-300x230.jpg\" alt=\"\" width=\"300\" height=\"230\" srcset=\"https:\/\/bioenergie-kleinseelheim.de\/wp-content\/uploads\/2019\/05\/190522-OP2-300x230.jpg 300w, https:\/\/bioenergie-kleinseelheim.de\/wp-content\/uploads\/2019\/05\/190522-OP2.jpg 654w\" sizes=\"auto, (max-width: 300px) 100vw, 300px\" \/><\/a><a href=\"http:\/\/bioenergie-kleinseelheim.de\/wp-content\/uploads\/2019\/05\/190522-OP5.jpg\"><img loading=\"lazy\" decoding=\"async\" class=\"alignleft size-medium wp-image-1719\" src=\"http:\/\/bioenergie-kleinseelheim.de\/wp-content\/uploads\/2019\/05\/190522-OP5-300x227.jpg\" alt=\"\" width=\"300\" height=\"227\" srcset=\"https:\/\/bioenergie-kleinseelheim.de\/wp-content\/uploads\/2019\/05\/190522-OP5-300x227.jpg 300w, https:\/\/bioenergie-kleinseelheim.de\/wp-content\/uploads\/2019\/05\/190522-OP5.jpg 495w\" sizes=\"auto, (max-width: 300px) 100vw, 300px\" \/><\/a><a href=\"http:\/\/bioenergie-kleinseelheim.de\/wp-content\/uploads\/2019\/05\/190522-OP3.jpg\"><img loading=\"lazy\" decoding=\"async\" class=\"alignleft size-medium wp-image-1717\" src=\"http:\/\/bioenergie-kleinseelheim.de\/wp-content\/uploads\/2019\/05\/190522-OP3-300x205.jpg\" alt=\"\" width=\"300\" height=\"205\" srcset=\"https:\/\/bioenergie-kleinseelheim.de\/wp-content\/uploads\/2019\/05\/190522-OP3-300x205.jpg 300w, https:\/\/bioenergie-kleinseelheim.de\/wp-content\/uploads\/2019\/05\/190522-OP3-768x524.jpg 768w, https:\/\/bioenergie-kleinseelheim.de\/wp-content\/uploads\/2019\/05\/190522-OP3.jpg 796w\" sizes=\"auto, (max-width: 300px) 100vw, 300px\" \/><\/a><\/p>\n<h3><\/h3>\n<h3><\/h3>\n<h3><\/h3>\n<h3><\/h3>\n<h3><\/h3>\n<h3>Weitere Informationen:<\/h3>\n<p>Im Anwesen der Genossenschaft im Sandweg 33 (ehemals Roth Agrarhandel) betreibt die EAM P\u00a0 die Heizzentrale, von der aus sie das Dorf mit W\u00e4rme beliefert. Sie ist somit verantwortlich f\u00fcr den reibungslosen Ablauf des Betriebs und gew\u00e4hrleistet, dass bei St\u00f6rungen sofort gehandelt wird, und niemand frieren muss.<\/p>\n<p>F\u00fcr solche Anlagen gibt es <strong>sehr viel strengere Genehmigungs-Auflagen als f\u00fcr die kleineren \u00d6fen und Anlagen in Ein- oder Mehrfamilienh\u00e4usern, weswegen sich Anlieger keine Sorgen wegen der (L\u00e4rm- und Abgas-) Emissionen<\/strong> machen m\u00fcssen. Im Zuge der Baugenehmigungsvergabe <strong>werden hierzu entsprechende Gutachten erstellt und vorgelegt.<\/strong><\/p>\n<h3>Nutzung des Anwesens<\/h3>\n<p><a href=\"http:\/\/bioenergie-kleinseelheim.de\/wp-content\/uploads\/2019\/01\/Logo-am-Sandweg33.jpg\"><img loading=\"lazy\" decoding=\"async\" class=\"alignleft size-medium wp-image-1658\" src=\"http:\/\/bioenergie-kleinseelheim.de\/wp-content\/uploads\/2019\/01\/Logo-am-Sandweg33-300x146.jpg\" alt=\"\" width=\"300\" height=\"146\" srcset=\"https:\/\/bioenergie-kleinseelheim.de\/wp-content\/uploads\/2019\/01\/Logo-am-Sandweg33-300x146.jpg 300w, https:\/\/bioenergie-kleinseelheim.de\/wp-content\/uploads\/2019\/01\/Logo-am-Sandweg33-768x373.jpg 768w, https:\/\/bioenergie-kleinseelheim.de\/wp-content\/uploads\/2019\/01\/Logo-am-Sandweg33-1024x498.jpg 1024w\" sizes=\"auto, (max-width: 300px) 100vw, 300px\" \/><\/a><a href=\"http:\/\/bioenergie-kleinseelheim.de\/wp-content\/uploads\/2017\/06\/2017-06-25_Spatenstich_55.jpg\"><img loading=\"lazy\" decoding=\"async\" class=\"size-medium wp-image-1171 alignright\" src=\"http:\/\/bioenergie-kleinseelheim.de\/wp-content\/uploads\/2017\/06\/2017-06-25_Spatenstich_55-300x200.jpg\" alt=\"\" width=\"300\" height=\"200\" srcset=\"https:\/\/bioenergie-kleinseelheim.de\/wp-content\/uploads\/2017\/06\/2017-06-25_Spatenstich_55-300x200.jpg 300w, https:\/\/bioenergie-kleinseelheim.de\/wp-content\/uploads\/2017\/06\/2017-06-25_Spatenstich_55-768x512.jpg 768w, https:\/\/bioenergie-kleinseelheim.de\/wp-content\/uploads\/2017\/06\/2017-06-25_Spatenstich_55-1024x683.jpg 1024w, https:\/\/bioenergie-kleinseelheim.de\/wp-content\/uploads\/2017\/06\/2017-06-25_Spatenstich_55.jpg 1500w\" sizes=\"auto, (max-width: 300px) 100vw, 300px\" \/><\/a><\/p>\n<p>&nbsp;<\/p>\n<p>&nbsp;<\/p>\n<p>&nbsp;<\/p>\n<p>&nbsp;<\/p>\n<p>Da nur ein Teil des Geb\u00e4udes \/ Gel\u00e4ndes f\u00fcr den Betrieb der Heizzentrale ben\u00f6tigt wird, wurden der Rest des Geb\u00e4ude und Teile des Grundst\u00fccks durch die Genossenschaft vermietet.<\/p>\n<p><strong><span style=\"color: #ff0000;\">Das gesamte Anwesen steht nun zum Verkauf.<\/span><\/strong><\/p>\n","protected":false},"excerpt":{"rendered":"<p>weiter zu Nahw\u00e4rmenetz Am 22.5.2019 berichtete die Oberhessische Presse: Was sonst liegen bleibt, wird zum Brennstoff Kirchhains Stadtteil Kleinseelheim kann sich jetzt Bioenergiedorf nennen. Schon seit Oktober hat die Bioenergiegenossenschaft Kleinseelheim ihre Mitglieder mit Nahw\u00e4rme versorgt. Die W\u00e4rme stammte aus einem Fl\u00fcssiggas-Kessel. Das ist nun vorbei. Der neue Ofen ist in Betrieb und erzeugt biologische [&hellip;]<\/p>\n","protected":false},"author":2,"featured_media":0,"parent":0,"menu_order":0,"comment_status":"closed","ping_status":"closed","template":"","meta":{"footnotes":""},"class_list":["post-48","page","type-page","status-publish","hentry"],"_links":{"self":[{"href":"https:\/\/bioenergie-kleinseelheim.de\/index.php\/wp-json\/wp\/v2\/pages\/48","targetHints":{"allow":["GET"]}}],"collection":[{"href":"https:\/\/bioenergie-kleinseelheim.de\/index.php\/wp-json\/wp\/v2\/pages"}],"about":[{"href":"https:\/\/bioenergie-kleinseelheim.de\/index.php\/wp-json\/wp\/v2\/types\/page"}],"author":[{"embeddable":true,"href":"https:\/\/bioenergie-kleinseelheim.de\/index.php\/wp-json\/wp\/v2\/users\/2"}],"replies":[{"embeddable":true,"href":"https:\/\/bioenergie-kleinseelheim.de\/index.php\/wp-json\/wp\/v2\/comments?post=48"}],"version-history":[{"count":36,"href":"https:\/\/bioenergie-kleinseelheim.de\/index.php\/wp-json\/wp\/v2\/pages\/48\/revisions"}],"predecessor-version":[{"id":1920,"href":"https:\/\/bioenergie-kleinseelheim.de\/index.php\/wp-json\/wp\/v2\/pages\/48\/revisions\/1920"}],"wp:attachment":[{"href":"https:\/\/bioenergie-kleinseelheim.de\/index.php\/wp-json\/wp\/v2\/media?parent=48"}],"curies":[{"name":"wp","href":"https:\/\/api.w.org\/{rel}","templated":true}]}}