{"id":52,"date":"2015-09-09T18:21:17","date_gmt":"2015-09-09T18:21:17","guid":{"rendered":"http:\/\/alibis.in-berlin.de:8181\/?page_id=52"},"modified":"2020-12-18T10:51:31","modified_gmt":"2020-12-18T10:51:31","slug":"hausanschlusse","status":"publish","type":"page","link":"https:\/\/bioenergie-kleinseelheim.de\/index.php\/hausanschlusse\/","title":{"rendered":"Hausanschl\u00fcsse"},"content":{"rendered":"<div id=\"cc-m-10634899525\" class=\"n j-header \">\n<p><a href=\"http:\/\/bioenergie-kleinseelheim.de\/index.php\/internet\/\">weiter zu Internet<\/a><\/p>\n<h2 class=\"\">Ihr Hausanschluss<\/h2>\n<p><a href=\"http:\/\/bioenergie-kleinseelheim.de\/wp-content\/uploads\/2019\/05\/190522-OP4.jpg\"><img loading=\"lazy\" decoding=\"async\" class=\"alignleft size-medium wp-image-1718\" src=\"http:\/\/bioenergie-kleinseelheim.de\/wp-content\/uploads\/2019\/05\/190522-OP4-300x228.jpg\" alt=\"\" width=\"300\" height=\"228\" srcset=\"https:\/\/bioenergie-kleinseelheim.de\/wp-content\/uploads\/2019\/05\/190522-OP4-300x228.jpg 300w, https:\/\/bioenergie-kleinseelheim.de\/wp-content\/uploads\/2019\/05\/190522-OP4.jpg 506w\" sizes=\"auto, (max-width: 300px) 100vw, 300px\" \/><\/a><\/p>\n<\/div>\n<p>&nbsp;<\/p>\n<p>&nbsp;<\/p>\n<p>&nbsp;<\/p>\n<p>Bildquelle: Oberhessische Presse vom 22.5.2019 (Matthias Mayer)<\/p>\n<h3><\/h3>\n<h3><strong>Die EAM EnergiePlus sorgt f\u00fcr Ihren Hausanschluss inklusive W\u00e4rme\u00fcbergabestation.<\/strong><\/h3>\n<p><a href=\"http:\/\/bioenergie-kleinseelheim.de\/wp-content\/uploads\/2015\/09\/Hausanschluss_1.jpg\"><img loading=\"lazy\" decoding=\"async\" class=\"size-medium wp-image-1281 alignleft\" src=\"http:\/\/bioenergie-kleinseelheim.de\/wp-content\/uploads\/2015\/09\/Hausanschluss_1-199x300.jpg\" alt=\"\" width=\"199\" height=\"300\" srcset=\"https:\/\/bioenergie-kleinseelheim.de\/wp-content\/uploads\/2015\/09\/Hausanschluss_1-199x300.jpg 199w, https:\/\/bioenergie-kleinseelheim.de\/wp-content\/uploads\/2015\/09\/Hausanschluss_1.jpg 397w\" sizes=\"auto, (max-width: 199px) 100vw, 199px\" \/><\/a>Auf Ihrem Grundst\u00fcck werden <strong>Rohre bis zum Haus verlegt, <\/strong>die Gr\u00e4ben geschlossen und das Grundst\u00fcck wieder in den alten Zustand gebracht. Zur Verlegung der Rohre ins Haus und evtl. f\u00fcr den Glasfaseranschluss<strong> werden Wanddurchbr\u00fcche vorgenommen.<br \/>\n<\/strong><\/p>\n<p>Der Verlauf der Rohre auf Ihrem Grundst\u00fcck und der Hauswanddurchbruch f\u00fcr die W\u00e4rme\u00fcbergabestation werden <strong>mit jedem Hauseigent\u00fcmer individuell abgesprochen<\/strong> und vertraglich festgehalten.<\/p>\n<p><strong><span style=\"color: #ff6600;\">Die <a href=\"http:\/\/bioenergie-kleinseelheim.de\/index.php\/wie\/\">Anschlusskonditionen<\/a> erfahren Sie von der EAM<br \/>\n<\/span><\/strong><\/p>\n<p>&nbsp;<\/p>\n<p><strong><a href=\"http:\/\/bioenergie-kleinseelheim.de\/wp-content\/uploads\/2015\/09\/fertiger_Hausanschluss.jpg\"><img loading=\"lazy\" decoding=\"async\" class=\"size-medium wp-image-1309 alignleft\" src=\"http:\/\/bioenergie-kleinseelheim.de\/wp-content\/uploads\/2015\/09\/fertiger_Hausanschluss-300x199.jpg\" alt=\"\" width=\"300\" height=\"199\" srcset=\"https:\/\/bioenergie-kleinseelheim.de\/wp-content\/uploads\/2015\/09\/fertiger_Hausanschluss-300x199.jpg 300w, https:\/\/bioenergie-kleinseelheim.de\/wp-content\/uploads\/2015\/09\/fertiger_Hausanschluss-768x509.jpg 768w, https:\/\/bioenergie-kleinseelheim.de\/wp-content\/uploads\/2015\/09\/fertiger_Hausanschluss.jpg 800w\" sizes=\"auto, (max-width: 300px) 100vw, 300px\" \/><\/a><\/strong><\/p>\n<h3><\/h3>\n<h3><\/h3>\n<h3><\/h3>\n<h3><\/h3>\n<h3><\/h3>\n<h3><strong>Hydraulischer Abgleich<\/strong><\/h3>\n<ul>\n<li>Ein hydraulischer Abgleich ist sinnvoll, denn es erh\u00f6ht den Komfort und die Effizienz der Heizung<\/li>\n<li>Es gibt daf\u00fcr 30% F\u00f6rderung von der Bafa<\/li>\n<li>Es werden gef\u00f6rdert: der Abgleich selbst und in Verbindung damit der Einbau neuer Ventile etc.<\/li>\n<li>Die Anlage muss mindestens 2 Jahre alt sein<\/li>\n<li>Vor dem Abgleich muss man sich online registrieren<\/li>\n<li>Ein Fachbetrieb muss den Abgleich vornehmen<\/li>\n<li>Nach dem Abgleich reicht man die Rechnung des Fachbetriebs ein<\/li>\n<\/ul>\n<p>Hier gibt es genaue Infos:<\/p>\n<div><a href=\"https:\/\/deref-web-02.de\/mail\/client\/cDqfpI0UNvw\/dereferrer\/?redirectUrl=http%3A%2F%2Fwww.bafa.de%2FDE%2FEnergie%2FEnergieeffizienz%2FHeizungsoptimierung%2Fheizungsoptimierung_node.html\" target=\"_blank\" rel=\"noopener\">http:\/\/www.bafa.de\/DE\/Energie\/Energieeffizienz\/Heizungsoptimierung\/heizungsoptimierung_node.html<\/a><\/div>\n<div>\n<p>zu den Kosten: <a href=\"https:\/\/deref-web-02.de\/mail\/client\/nCdY1u0h0zM\/dereferrer\/?redirectUrl=https%3A%2F%2Fwww.hemer.de%2Fleben%2Fenergiesparen%2F117190100000031699.php\" target=\"_blank\" rel=\"noopener\">https:\/\/www.hemer.de\/leben\/energiesparen\/117190100000031699.php<\/a><\/p>\n<p>Kunden der &#8220;<a href=\"http:\/\/stadtwerke-marburg.de\/fileadmin\/media\/umweltberatung\/foerderprogramme\/F%C3%B6rderprogramm_Stromsparma%C3%9Fnahmen_2016_17.pdf\">Stadtwerke Marburg<\/a>&#8221; erhalten zus\u00e4tzlich noch 50\u20ac f\u00fcr den hydraulischen Abgleich und 10\u20ac f\u00fcr jedes programmierbare Thermostatventil (max. 5 St\u00fcck pro Haushalt). F\u00fcr EON-Kunden haben wir auf der Internet-Seite nichts Vergleichbares gefunden.<\/p>\n<\/div>\n<h3><strong>Sie haben noch Ofenheizung oder Nachtspeicher\u00f6fen?\u00a0<\/strong><\/h3>\n<p><strong>Nur mit dem Nahw\u00e4rmenetz k\u00f6nnen Sie diese ohne zus\u00e4tzlichen Platzbedarf ersetzen!<\/strong><\/p>\n<p>&nbsp;<\/p>\n","protected":false},"excerpt":{"rendered":"<p>weiter zu Internet Ihr Hausanschluss &nbsp; &nbsp; &nbsp; Bildquelle: Oberhessische Presse vom 22.5.2019 (Matthias Mayer) Die EAM EnergiePlus sorgt f\u00fcr Ihren Hausanschluss inklusive W\u00e4rme\u00fcbergabestation. Auf Ihrem Grundst\u00fcck werden Rohre bis zum Haus verlegt, die Gr\u00e4ben geschlossen und das Grundst\u00fcck wieder in den alten Zustand gebracht. Zur Verlegung der Rohre ins Haus und evtl. f\u00fcr den [&hellip;]<\/p>\n","protected":false},"author":2,"featured_media":0,"parent":0,"menu_order":0,"comment_status":"closed","ping_status":"closed","template":"","meta":{"footnotes":""},"class_list":["post-52","page","type-page","status-publish","hentry"],"_links":{"self":[{"href":"https:\/\/bioenergie-kleinseelheim.de\/index.php\/wp-json\/wp\/v2\/pages\/52","targetHints":{"allow":["GET"]}}],"collection":[{"href":"https:\/\/bioenergie-kleinseelheim.de\/index.php\/wp-json\/wp\/v2\/pages"}],"about":[{"href":"https:\/\/bioenergie-kleinseelheim.de\/index.php\/wp-json\/wp\/v2\/types\/page"}],"author":[{"embeddable":true,"href":"https:\/\/bioenergie-kleinseelheim.de\/index.php\/wp-json\/wp\/v2\/users\/2"}],"replies":[{"embeddable":true,"href":"https:\/\/bioenergie-kleinseelheim.de\/index.php\/wp-json\/wp\/v2\/comments?post=52"}],"version-history":[{"count":33,"href":"https:\/\/bioenergie-kleinseelheim.de\/index.php\/wp-json\/wp\/v2\/pages\/52\/revisions"}],"predecessor-version":[{"id":1922,"href":"https:\/\/bioenergie-kleinseelheim.de\/index.php\/wp-json\/wp\/v2\/pages\/52\/revisions\/1922"}],"wp:attachment":[{"href":"https:\/\/bioenergie-kleinseelheim.de\/index.php\/wp-json\/wp\/v2\/media?parent=52"}],"curies":[{"name":"wp","href":"https:\/\/api.w.org\/{rel}","templated":true}]}}