{"id":56,"date":"2015-09-09T18:21:44","date_gmt":"2015-09-09T18:21:44","guid":{"rendered":"http:\/\/alibis.in-berlin.de:8181\/?page_id=56"},"modified":"2024-11-08T20:32:00","modified_gmt":"2024-11-08T20:32:00","slug":"internet","status":"publish","type":"page","link":"https:\/\/bioenergie-kleinseelheim.de\/index.php\/internet\/","title":{"rendered":"Internet"},"content":{"rendered":"<p><span style=\"font-size: large;\">(Fast) alle Kleinseelheimer Haushalte k\u00f6nnen nun stabiles Internet durch einen Glasfaseranschluss (FTTH) mit bis zu 1000 Mbits im download und 200 Mbits im Upload buchen.<\/span><\/p>\n<p><span style=\"font-size: large;\">Denn die Bioenergiegenossenschaft Kleinseelheim hat beim Bau des Nahw\u00e4rmenetzes ein Mikrorohrnetz f\u00fcr Glasfaser mit verlegt. Dieses Netz wurde an die Telekom verkauft. <\/span><\/p>\n<p>Wer einen Glasfaseranschluss verlegen lassen m\u00f6chte, wendet sich direkt an die Telekom. Evtl. ist es inzwischen auch m\u00f6glich, einen anderen Provider zu w\u00e4hlen. Achten Sie auch auf Werbeangebote.<\/p>\n","protected":false},"excerpt":{"rendered":"<p>(Fast) alle Kleinseelheimer Haushalte k\u00f6nnen nun stabiles Internet durch einen Glasfaseranschluss (FTTH) mit bis zu 1000 Mbits im download und 200 Mbits im Upload buchen. Denn die Bioenergiegenossenschaft Kleinseelheim hat beim Bau des Nahw\u00e4rmenetzes ein Mikrorohrnetz f\u00fcr Glasfaser mit verlegt. Dieses Netz wurde an die Telekom verkauft. Wer einen Glasfaseranschluss verlegen lassen m\u00f6chte, wendet sich [&hellip;]<\/p>\n","protected":false},"author":2,"featured_media":0,"parent":0,"menu_order":0,"comment_status":"closed","ping_status":"closed","template":"","meta":{"footnotes":""},"class_list":["post-56","page","type-page","status-publish","hentry"],"_links":{"self":[{"href":"https:\/\/bioenergie-kleinseelheim.de\/index.php\/wp-json\/wp\/v2\/pages\/56","targetHints":{"allow":["GET"]}}],"collection":[{"href":"https:\/\/bioenergie-kleinseelheim.de\/index.php\/wp-json\/wp\/v2\/pages"}],"about":[{"href":"https:\/\/bioenergie-kleinseelheim.de\/index.php\/wp-json\/wp\/v2\/types\/page"}],"author":[{"embeddable":true,"href":"https:\/\/bioenergie-kleinseelheim.de\/index.php\/wp-json\/wp\/v2\/users\/2"}],"replies":[{"embeddable":true,"href":"https:\/\/bioenergie-kleinseelheim.de\/index.php\/wp-json\/wp\/v2\/comments?post=56"}],"version-history":[{"count":41,"href":"https:\/\/bioenergie-kleinseelheim.de\/index.php\/wp-json\/wp\/v2\/pages\/56\/revisions"}],"predecessor-version":[{"id":2017,"href":"https:\/\/bioenergie-kleinseelheim.de\/index.php\/wp-json\/wp\/v2\/pages\/56\/revisions\/2017"}],"wp:attachment":[{"href":"https:\/\/bioenergie-kleinseelheim.de\/index.php\/wp-json\/wp\/v2\/media?parent=56"}],"curies":[{"name":"wp","href":"https:\/\/api.w.org\/{rel}","templated":true}]}}